{"id":865,"date":"2025-05-16T09:19:05","date_gmt":"2025-05-16T09:19:05","guid":{"rendered":"https:\/\/matterseyewear.com\/?post_type=product&#038;p=865"},"modified":"2026-04-09T11:45:37","modified_gmt":"2026-04-09T11:45:37","slug":"topaz","status":"publish","type":"product","link":"https:\/\/matterseyewear.com\/en\/product-shop\/topaz\/","title":{"rendered":"Topacio"},"content":{"rendered":"<p data-prosemirror-content-type=\"node\" data-prosemirror-node-name=\"paragraph\" data-prosemirror-node-block=\"true\" data-pm-slice=\"1 1 []\">Like the calm sea, <strong data-prosemirror-content-type=\"mark\" data-prosemirror-mark-name=\"strong\">Topacio<\/strong> is designed for those seeking lightness, clarity and balance in their daily life.<\/p>\n<p data-prosemirror-content-type=\"node\" data-prosemirror-node-name=\"paragraph\" data-prosemirror-node-block=\"true\">A functional design that seamlessly accompanies you while reading, working, or taking a well-deserved break. Equipped with a <strong data-prosemirror-content-type=\"mark\" data-prosemirror-mark-name=\"strong\">blue light filter<\/strong>, it helps reduce eye fatigue in digital environments\u2014without compromising comfort or eye care.<\/p>\n<p data-prosemirror-content-type=\"node\" data-prosemirror-node-name=\"paragraph\" data-prosemirror-node-block=\"true\">The frame is made from <strong data-prosemirror-content-type=\"mark\" data-prosemirror-mark-name=\"strong\">100% recycled plastic<\/strong>, a reminder that every gesture counts, even off-screen.<\/p>\n<p data-prosemirror-content-type=\"node\" data-prosemirror-node-name=\"paragraph\" data-prosemirror-node-block=\"true\" class=\"translation-block\">Available in prescriptions from <strong>+1,00 to +3,50.<\/strong> or in a non-prescription version <strong>(+0,00),<\/strong> with the same blue light protection.<\/p>","protected":false},"excerpt":{"rendered":"<p>Como el mar en calma, Topacio est\u00e1 pensada para quienes buscan ligereza, nitidez y equilibrio en su d\u00eda a d\u00eda. Un dise\u00f1o funcional que acompa\u00f1a en la lectura, en el trabajo o en los momentos de pausa. Con filtro de luz azul, reduce la fatiga ocular en entornos digitales, sin renunciar a la comodidad ni [&hellip;]<\/p>","protected":false},"featured_media":873,"template":"","meta":{"_acf_changed":false},"product_brand":[],"product_cat":[16,36],"product_tag":[],"class_list":{"0":"post-865","1":"product","2":"type-product","3":"status-publish","4":"has-post-thumbnail","6":"product_cat-sin-categorizar","7":"product_cat-gafas-de-lectura-filtro-luz-azul","9":"first","10":"instock","11":"taxable","12":"shipping-taxable","13":"purchasable","14":"product-type-variable"},"acf":[],"yoast_head":"<!-- This site is optimized with the Yoast SEO plugin v27.4 - https:\/\/yoast.com\/product\/yoast-seo-wordpress\/ -->\n<title>Topacio | Gafas azules recicladas con filtro azul<\/title>\n<meta name=\"description\" content=\"Gafa de lectura azul fabricada con pl\u00e1stico reciclado. Ligera, con filtro de luz azul. Disponible de 0 a +3.5 dioptr\u00edas.\" \/>\n<meta name=\"robots\" content=\"index, follow, max-snippet:-1, max-image-preview:large, max-video-preview:-1\" \/>\n<link rel=\"canonical\" href=\"https:\/\/matterseyewear.com\/en\/product-shop\/topaz\/\" \/>\n<meta property=\"og:locale\" content=\"en_US\" \/>\n<meta property=\"og:type\" content=\"article\" \/>\n<meta property=\"og:title\" content=\"Topacio | Gafas azules recicladas con filtro azul\" \/>\n<meta property=\"og:description\" content=\"Gafa de lectura azul fabricada con pl\u00e1stico reciclado. Ligera, con filtro de luz azul. Disponible de 0 a +3.5 dioptr\u00edas.\" \/>\n<meta property=\"og:url\" content=\"https:\/\/matterseyewear.com\/en\/product-shop\/topaz\/\" \/>\n<meta property=\"og:site_name\" content=\"Matters\" \/>\n<meta property=\"article:modified_time\" content=\"2026-04-09T11:45:37+00:00\" \/>\n<meta property=\"og:image\" content=\"https:\/\/matterseyewear.com\/wp-content\/uploads\/2025\/05\/Frame-111.jpg\" \/>\n\t<meta property=\"og:image:width\" content=\"1000\" \/>\n\t<meta property=\"og:image:height\" content=\"1000\" \/>\n\t<meta property=\"og:image:type\" content=\"image\/jpeg\" \/>\n<meta name=\"twitter:card\" content=\"summary_large_image\" \/>\n<meta name=\"twitter:label1\" content=\"Est. reading time\" \/>\n\t<meta name=\"twitter:data1\" content=\"1 minute\" \/>\n<script type=\"application\/ld+json\" class=\"yoast-schema-graph\">{\"@context\":\"https:\\\/\\\/schema.org\",\"@graph\":[{\"@type\":\"WebPage\",\"@id\":\"https:\\\/\\\/matterseyewear.com\\\/producto\\\/topacio\\\/\",\"url\":\"https:\\\/\\\/matterseyewear.com\\\/producto\\\/topacio\\\/\",\"name\":\"Topacio | Gafas azules recicladas con filtro azul\",\"isPartOf\":{\"@id\":\"https:\\\/\\\/matterseyewear.com\\\/#website\"},\"primaryImageOfPage\":{\"@id\":\"https:\\\/\\\/matterseyewear.com\\\/producto\\\/topacio\\\/#primaryimage\"},\"image\":{\"@id\":\"https:\\\/\\\/matterseyewear.com\\\/producto\\\/topacio\\\/#primaryimage\"},\"thumbnailUrl\":\"https:\\\/\\\/matterseyewear.com\\\/wp-content\\\/uploads\\\/2025\\\/05\\\/Frame-111.jpg\",\"datePublished\":\"2025-05-16T09:19:05+00:00\",\"dateModified\":\"2026-04-09T11:45:37+00:00\",\"description\":\"Gafa de lectura azul fabricada con pl\u00e1stico reciclado. Ligera, con filtro de luz azul. Disponible de 0 a +3.5 dioptr\u00edas.\",\"breadcrumb\":{\"@id\":\"https:\\\/\\\/matterseyewear.com\\\/producto\\\/topacio\\\/#breadcrumb\"},\"inLanguage\":\"en-US\",\"potentialAction\":[{\"@type\":\"ReadAction\",\"target\":[\"https:\\\/\\\/matterseyewear.com\\\/producto\\\/topacio\\\/\"]}]},{\"@type\":\"ImageObject\",\"inLanguage\":\"en-US\",\"@id\":\"https:\\\/\\\/matterseyewear.com\\\/producto\\\/topacio\\\/#primaryimage\",\"url\":\"https:\\\/\\\/matterseyewear.com\\\/wp-content\\\/uploads\\\/2025\\\/05\\\/Frame-111.jpg\",\"contentUrl\":\"https:\\\/\\\/matterseyewear.com\\\/wp-content\\\/uploads\\\/2025\\\/05\\\/Frame-111.jpg\",\"width\":1000,\"height\":1000},{\"@type\":\"BreadcrumbList\",\"@id\":\"https:\\\/\\\/matterseyewear.com\\\/producto\\\/topacio\\\/#breadcrumb\",\"itemListElement\":[{\"@type\":\"ListItem\",\"position\":1,\"name\":\"Portada\",\"item\":\"https:\\\/\\\/matterseyewear.com\\\/\"},{\"@type\":\"ListItem\",\"position\":2,\"name\":\"Tienda\",\"item\":\"https:\\\/\\\/matterseyewear.com\\\/tienda\\\/\"},{\"@type\":\"ListItem\",\"position\":3,\"name\":\"Topacio\"}]},{\"@type\":\"WebSite\",\"@id\":\"https:\\\/\\\/matterseyewear.com\\\/#website\",\"url\":\"https:\\\/\\\/matterseyewear.com\\\/\",\"name\":\"Matters Eye Wear\",\"description\":\"\",\"publisher\":{\"@id\":\"https:\\\/\\\/matterseyewear.com\\\/#organization\"},\"alternateName\":\"Matters, tienda online de gafas de lectura\",\"potentialAction\":[{\"@type\":\"SearchAction\",\"target\":{\"@type\":\"EntryPoint\",\"urlTemplate\":\"https:\\\/\\\/matterseyewear.com\\\/?s={search_term_string}\"},\"query-input\":{\"@type\":\"PropertyValueSpecification\",\"valueRequired\":true,\"valueName\":\"search_term_string\"}}],\"inLanguage\":\"en-US\"},{\"@type\":\"Organization\",\"@id\":\"https:\\\/\\\/matterseyewear.com\\\/#organization\",\"name\":\"Matters Eye Wear\",\"url\":\"https:\\\/\\\/matterseyewear.com\\\/\",\"logo\":{\"@type\":\"ImageObject\",\"inLanguage\":\"en-US\",\"@id\":\"https:\\\/\\\/matterseyewear.com\\\/#\\\/schema\\\/logo\\\/image\\\/\",\"url\":\"https:\\\/\\\/matterseyewear.com\\\/wp-content\\\/uploads\\\/2025\\\/05\\\/Logo-Matters-2.svg\",\"contentUrl\":\"https:\\\/\\\/matterseyewear.com\\\/wp-content\\\/uploads\\\/2025\\\/05\\\/Logo-Matters-2.svg\",\"width\":228,\"height\":69,\"caption\":\"Matters Eye Wear\"},\"image\":{\"@id\":\"https:\\\/\\\/matterseyewear.com\\\/#\\\/schema\\\/logo\\\/image\\\/\"},\"sameAs\":[\"https:\\\/\\\/www.instagram.com\\\/matters.eyewear\\\/\"]}]}<\/script>\n<!-- \/ Yoast SEO plugin. -->","yoast_head_json":{"title":"Topacio | Recycled blue light filter glasses","description":"Blue light reading glasses made from recycled plastic. Lightweight, with blue light protection. Available from 0 to +3.5 diopters.","robots":{"index":"index","follow":"follow","max-snippet":"max-snippet:-1","max-image-preview":"max-image-preview:large","max-video-preview":"max-video-preview:-1"},"canonical":"https:\/\/matterseyewear.com\/en\/product-shop\/topaz\/","og_locale":"en_US","og_type":"article","og_title":"Topacio | Gafas azules recicladas con filtro azul","og_description":"Gafa de lectura azul fabricada con pl\u00e1stico reciclado. Ligera, con filtro de luz azul. Disponible de 0 a +3.5 dioptr\u00edas.","og_url":"https:\/\/matterseyewear.com\/en\/product-shop\/topaz\/","og_site_name":"Matters","article_modified_time":"2026-04-09T11:45:37+00:00","og_image":[{"width":1000,"height":1000,"url":"https:\/\/matterseyewear.com\/wp-content\/uploads\/2025\/05\/Frame-111.jpg","type":"image\/jpeg"}],"twitter_card":"summary_large_image","twitter_misc":{"Est. reading time":"1 minute"},"schema":{"@context":"https:\/\/schema.org","@graph":[{"@type":"WebPage","@id":"https:\/\/matterseyewear.com\/producto\/topacio\/","url":"https:\/\/matterseyewear.com\/producto\/topacio\/","name":"Topacio | Recycled blue light filter glasses","isPartOf":{"@id":"https:\/\/matterseyewear.com\/#website"},"primaryImageOfPage":{"@id":"https:\/\/matterseyewear.com\/producto\/topacio\/#primaryimage"},"image":{"@id":"https:\/\/matterseyewear.com\/producto\/topacio\/#primaryimage"},"thumbnailUrl":"https:\/\/matterseyewear.com\/wp-content\/uploads\/2025\/05\/Frame-111.jpg","datePublished":"2025-05-16T09:19:05+00:00","dateModified":"2026-04-09T11:45:37+00:00","description":"Blue light reading glasses made from recycled plastic. Lightweight, with blue light protection. Available from 0 to +3.5 diopters.","breadcrumb":{"@id":"https:\/\/matterseyewear.com\/producto\/topacio\/#breadcrumb"},"inLanguage":"en-US","potentialAction":[{"@type":"ReadAction","target":["https:\/\/matterseyewear.com\/producto\/topacio\/"]}]},{"@type":"ImageObject","inLanguage":"en-US","@id":"https:\/\/matterseyewear.com\/producto\/topacio\/#primaryimage","url":"https:\/\/matterseyewear.com\/wp-content\/uploads\/2025\/05\/Frame-111.jpg","contentUrl":"https:\/\/matterseyewear.com\/wp-content\/uploads\/2025\/05\/Frame-111.jpg","width":1000,"height":1000},{"@type":"BreadcrumbList","@id":"https:\/\/matterseyewear.com\/producto\/topacio\/#breadcrumb","itemListElement":[{"@type":"ListItem","position":1,"name":"Portada","item":"https:\/\/matterseyewear.com\/"},{"@type":"ListItem","position":2,"name":"Tienda","item":"https:\/\/matterseyewear.com\/tienda\/"},{"@type":"ListItem","position":3,"name":"Topacio"}]},{"@type":"WebSite","@id":"https:\/\/matterseyewear.com\/#website","url":"https:\/\/matterseyewear.com\/","name":"Matters Eyewear","description":"","publisher":{"@id":"https:\/\/matterseyewear.com\/#organization"},"alternateName":"Matters, tienda online de gafas de lectura","potentialAction":[{"@type":"SearchAction","target":{"@type":"EntryPoint","urlTemplate":"https:\/\/matterseyewear.com\/?s={search_term_string}"},"query-input":{"@type":"PropertyValueSpecification","valueRequired":true,"valueName":"search_term_string"}}],"inLanguage":"en-US"},{"@type":"Organization","@id":"https:\/\/matterseyewear.com\/#organization","name":"Matters Eyewear","url":"https:\/\/matterseyewear.com\/","logo":{"@type":"ImageObject","inLanguage":"en-US","@id":"https:\/\/matterseyewear.com\/#\/schema\/logo\/image\/","url":"https:\/\/matterseyewear.com\/wp-content\/uploads\/2025\/05\/Logo-Matters-2.svg","contentUrl":"https:\/\/matterseyewear.com\/wp-content\/uploads\/2025\/05\/Logo-Matters-2.svg","width":228,"height":69,"caption":"Matters Eye Wear"},"image":{"@id":"https:\/\/matterseyewear.com\/#\/schema\/logo\/image\/"},"sameAs":["https:\/\/www.instagram.com\/matters.eyewear\/"]}]}},"_links":{"self":[{"href":"https:\/\/matterseyewear.com\/en\/wp-json\/wp\/v2\/product\/865","targetHints":{"allow":["GET"]}}],"collection":[{"href":"https:\/\/matterseyewear.com\/en\/wp-json\/wp\/v2\/product"}],"about":[{"href":"https:\/\/matterseyewear.com\/en\/wp-json\/wp\/v2\/types\/product"}],"wp:featuredmedia":[{"embeddable":true,"href":"https:\/\/matterseyewear.com\/en\/wp-json\/wp\/v2\/media\/873"}],"wp:attachment":[{"href":"https:\/\/matterseyewear.com\/en\/wp-json\/wp\/v2\/media?parent=865"}],"wp:term":[{"taxonomy":"product_brand","embeddable":true,"href":"https:\/\/matterseyewear.com\/en\/wp-json\/wp\/v2\/product_brand?post=865"},{"taxonomy":"product_cat","embeddable":true,"href":"https:\/\/matterseyewear.com\/en\/wp-json\/wp\/v2\/product_cat?post=865"},{"taxonomy":"product_tag","embeddable":true,"href":"https:\/\/matterseyewear.com\/en\/wp-json\/wp\/v2\/product_tag?post=865"}],"curies":[{"name":"wp","href":"https:\/\/api.w.org\/{rel}","templated":true}]}}