{"id":829,"date":"2025-05-16T09:11:47","date_gmt":"2025-05-16T09:11:47","guid":{"rendered":"https:\/\/matterseyewear.com\/?post_type=product&#038;p=829"},"modified":"2026-04-09T11:45:37","modified_gmt":"2026-04-09T11:45:37","slug":"ruby","status":"publish","type":"product","link":"https:\/\/matterseyewear.com\/en\/product-shop\/ruby\/","title":{"rendered":"Rub\u00ed"},"content":{"rendered":"<p data-start=\"232\" data-end=\"361\">Elegant, solid &amp; with its own character, <strong data-start=\"272\" data-end=\"280\">Rub\u00ed<\/strong> It is designed for those who understand that style can also be responsible.<\/p>\n<p data-start=\"363\" data-end=\"673\">The frame is made from <strong data-start=\"389\" data-end=\"417\">100% recycled plastic<\/strong>, combines strength &amp; lightness in a comfortable design, ideal for everyday use. The <strong data-start=\"500\" data-end=\"522\">blue light filter<\/strong> built-in screen protector protects your eyes from constant exposure to digital screens, helping to prevent eye fatigue without compromising clarity.<\/p>\n<p data-start=\"675\" data-end=\"796\">Inspired by the strength of noble materials, Rubi is a pair of glasses that is worn with determination, &amp; also with awareness.<\/p>\n<p data-start=\"798\" data-end=\"895\" class=\"translation-block\">Available in prescriptions from <strong>+1,00 to +3,50.<\/strong> or in a non-prescription version <strong>(+0,00),<\/strong> with the same blue light protection.<\/p>","protected":false},"excerpt":{"rendered":"<p>Elegante, s\u00f3lida y con car\u00e1cter propio, Rub\u00ed est\u00e1 pensada para quienes entienden que el estilo tambi\u00e9n puede ser responsable. Su montura, fabricada con pl\u00e1stico 100 % reciclado, combina resistencia y ligereza en un dise\u00f1o c\u00f3modo, ideal para el uso diario. El filtro de luz azul incorporado protege la vista frente a la exposici\u00f3n constante a [&hellip;]<\/p>","protected":false},"featured_media":840,"template":"","meta":{"_acf_changed":false},"product_brand":[],"product_cat":[16,36],"product_tag":[],"class_list":{"0":"post-829","1":"product","2":"type-product","3":"status-publish","4":"has-post-thumbnail","6":"product_cat-sin-categorizar","7":"product_cat-gafas-de-lectura-filtro-luz-azul","9":"first","10":"instock","11":"taxable","12":"shipping-taxable","13":"purchasable","14":"product-type-variable"},"acf":[],"yoast_head":"<!-- This site is optimized with the Yoast SEO plugin v27.4 - https:\/\/yoast.com\/product\/yoast-seo-wordpress\/ -->\n<title>Gafas Rub\u00ed recicladas | Protecci\u00f3n visual y estilo<\/title>\n<meta name=\"description\" content=\"Gafas de lectura color rub\u00ed con filtro azul. Montura reciclada y dise\u00f1o actual para uso diario. De 0 a +3.5 dioptr\u00edas.\" \/>\n<meta name=\"robots\" content=\"index, follow, max-snippet:-1, max-image-preview:large, max-video-preview:-1\" \/>\n<link rel=\"canonical\" href=\"https:\/\/matterseyewear.com\/en\/product-shop\/ruby\/\" \/>\n<meta property=\"og:locale\" content=\"en_US\" \/>\n<meta property=\"og:type\" content=\"article\" \/>\n<meta property=\"og:title\" content=\"Gafas Rub\u00ed recicladas | Protecci\u00f3n visual y estilo\" \/>\n<meta property=\"og:description\" content=\"Gafas de lectura color rub\u00ed con filtro azul. Montura reciclada y dise\u00f1o actual para uso diario. De 0 a +3.5 dioptr\u00edas.\" \/>\n<meta property=\"og:url\" content=\"https:\/\/matterseyewear.com\/en\/product-shop\/ruby\/\" \/>\n<meta property=\"og:site_name\" content=\"Matters\" \/>\n<meta property=\"article:modified_time\" content=\"2026-04-09T11:45:37+00:00\" \/>\n<meta property=\"og:image\" content=\"https:\/\/matterseyewear.com\/wp-content\/uploads\/2025\/05\/Frame-18.jpg\" \/>\n\t<meta property=\"og:image:width\" content=\"1000\" \/>\n\t<meta property=\"og:image:height\" content=\"1000\" \/>\n\t<meta property=\"og:image:type\" content=\"image\/jpeg\" \/>\n<meta name=\"twitter:card\" content=\"summary_large_image\" \/>\n<meta name=\"twitter:label1\" content=\"Est. reading time\" \/>\n\t<meta name=\"twitter:data1\" content=\"1 minute\" \/>\n<script type=\"application\/ld+json\" class=\"yoast-schema-graph\">{\"@context\":\"https:\\\/\\\/schema.org\",\"@graph\":[{\"@type\":\"WebPage\",\"@id\":\"https:\\\/\\\/matterseyewear.com\\\/producto\\\/rubi\\\/\",\"url\":\"https:\\\/\\\/matterseyewear.com\\\/producto\\\/rubi\\\/\",\"name\":\"Gafas Rub\u00ed recicladas | Protecci\u00f3n visual y estilo\",\"isPartOf\":{\"@id\":\"https:\\\/\\\/matterseyewear.com\\\/#website\"},\"primaryImageOfPage\":{\"@id\":\"https:\\\/\\\/matterseyewear.com\\\/producto\\\/rubi\\\/#primaryimage\"},\"image\":{\"@id\":\"https:\\\/\\\/matterseyewear.com\\\/producto\\\/rubi\\\/#primaryimage\"},\"thumbnailUrl\":\"https:\\\/\\\/matterseyewear.com\\\/wp-content\\\/uploads\\\/2025\\\/05\\\/Frame-18.jpg\",\"datePublished\":\"2025-05-16T09:11:47+00:00\",\"dateModified\":\"2026-04-09T11:45:37+00:00\",\"description\":\"Gafas de lectura color rub\u00ed con filtro azul. Montura reciclada y dise\u00f1o actual para uso diario. De 0 a +3.5 dioptr\u00edas.\",\"breadcrumb\":{\"@id\":\"https:\\\/\\\/matterseyewear.com\\\/producto\\\/rubi\\\/#breadcrumb\"},\"inLanguage\":\"en-US\",\"potentialAction\":[{\"@type\":\"ReadAction\",\"target\":[\"https:\\\/\\\/matterseyewear.com\\\/producto\\\/rubi\\\/\"]}]},{\"@type\":\"ImageObject\",\"inLanguage\":\"en-US\",\"@id\":\"https:\\\/\\\/matterseyewear.com\\\/producto\\\/rubi\\\/#primaryimage\",\"url\":\"https:\\\/\\\/matterseyewear.com\\\/wp-content\\\/uploads\\\/2025\\\/05\\\/Frame-18.jpg\",\"contentUrl\":\"https:\\\/\\\/matterseyewear.com\\\/wp-content\\\/uploads\\\/2025\\\/05\\\/Frame-18.jpg\",\"width\":1000,\"height\":1000},{\"@type\":\"BreadcrumbList\",\"@id\":\"https:\\\/\\\/matterseyewear.com\\\/producto\\\/rubi\\\/#breadcrumb\",\"itemListElement\":[{\"@type\":\"ListItem\",\"position\":1,\"name\":\"Portada\",\"item\":\"https:\\\/\\\/matterseyewear.com\\\/\"},{\"@type\":\"ListItem\",\"position\":2,\"name\":\"Tienda\",\"item\":\"https:\\\/\\\/matterseyewear.com\\\/tienda\\\/\"},{\"@type\":\"ListItem\",\"position\":3,\"name\":\"Rub\u00ed\"}]},{\"@type\":\"WebSite\",\"@id\":\"https:\\\/\\\/matterseyewear.com\\\/#website\",\"url\":\"https:\\\/\\\/matterseyewear.com\\\/\",\"name\":\"Matters Eye Wear\",\"description\":\"\",\"publisher\":{\"@id\":\"https:\\\/\\\/matterseyewear.com\\\/#organization\"},\"alternateName\":\"Matters, tienda online de gafas de lectura\",\"potentialAction\":[{\"@type\":\"SearchAction\",\"target\":{\"@type\":\"EntryPoint\",\"urlTemplate\":\"https:\\\/\\\/matterseyewear.com\\\/?s={search_term_string}\"},\"query-input\":{\"@type\":\"PropertyValueSpecification\",\"valueRequired\":true,\"valueName\":\"search_term_string\"}}],\"inLanguage\":\"en-US\"},{\"@type\":\"Organization\",\"@id\":\"https:\\\/\\\/matterseyewear.com\\\/#organization\",\"name\":\"Matters Eye Wear\",\"url\":\"https:\\\/\\\/matterseyewear.com\\\/\",\"logo\":{\"@type\":\"ImageObject\",\"inLanguage\":\"en-US\",\"@id\":\"https:\\\/\\\/matterseyewear.com\\\/#\\\/schema\\\/logo\\\/image\\\/\",\"url\":\"https:\\\/\\\/matterseyewear.com\\\/wp-content\\\/uploads\\\/2025\\\/05\\\/Logo-Matters-2.svg\",\"contentUrl\":\"https:\\\/\\\/matterseyewear.com\\\/wp-content\\\/uploads\\\/2025\\\/05\\\/Logo-Matters-2.svg\",\"width\":228,\"height\":69,\"caption\":\"Matters Eye Wear\"},\"image\":{\"@id\":\"https:\\\/\\\/matterseyewear.com\\\/#\\\/schema\\\/logo\\\/image\\\/\"},\"sameAs\":[\"https:\\\/\\\/www.instagram.com\\\/matters.eyewear\\\/\"]}]}<\/script>\n<!-- \/ Yoast SEO plugin. -->","yoast_head_json":{"title":"Recycled Rubi Glasses | Eye Protection &amp; Style","description":"Rub\u00ed\u2011coloured reading glasses with a blue\u2011light filter. Recycled frame &amp; modern design for everyday use. From 0 to +3.5 diopters.","robots":{"index":"index","follow":"follow","max-snippet":"max-snippet:-1","max-image-preview":"max-image-preview:large","max-video-preview":"max-video-preview:-1"},"canonical":"https:\/\/matterseyewear.com\/en\/product-shop\/ruby\/","og_locale":"en_US","og_type":"article","og_title":"Gafas Rub\u00ed recicladas | Protecci\u00f3n visual y estilo","og_description":"Gafas de lectura color rub\u00ed con filtro azul. Montura reciclada y dise\u00f1o actual para uso diario. De 0 a +3.5 dioptr\u00edas.","og_url":"https:\/\/matterseyewear.com\/en\/product-shop\/ruby\/","og_site_name":"Matters","article_modified_time":"2026-04-09T11:45:37+00:00","og_image":[{"width":1000,"height":1000,"url":"https:\/\/matterseyewear.com\/wp-content\/uploads\/2025\/05\/Frame-18.jpg","type":"image\/jpeg"}],"twitter_card":"summary_large_image","twitter_misc":{"Est. reading time":"1 minute"},"schema":{"@context":"https:\/\/schema.org","@graph":[{"@type":"WebPage","@id":"https:\/\/matterseyewear.com\/producto\/rubi\/","url":"https:\/\/matterseyewear.com\/producto\/rubi\/","name":"Recycled Rubi Glasses | Eye Protection &amp; Style","isPartOf":{"@id":"https:\/\/matterseyewear.com\/#website"},"primaryImageOfPage":{"@id":"https:\/\/matterseyewear.com\/producto\/rubi\/#primaryimage"},"image":{"@id":"https:\/\/matterseyewear.com\/producto\/rubi\/#primaryimage"},"thumbnailUrl":"https:\/\/matterseyewear.com\/wp-content\/uploads\/2025\/05\/Frame-18.jpg","datePublished":"2025-05-16T09:11:47+00:00","dateModified":"2026-04-09T11:45:37+00:00","description":"Rub\u00ed\u2011coloured reading glasses with a blue\u2011light filter. Recycled frame &amp; modern design for everyday use. From 0 to +3.5 diopters.","breadcrumb":{"@id":"https:\/\/matterseyewear.com\/producto\/rubi\/#breadcrumb"},"inLanguage":"en-US","potentialAction":[{"@type":"ReadAction","target":["https:\/\/matterseyewear.com\/producto\/rubi\/"]}]},{"@type":"ImageObject","inLanguage":"en-US","@id":"https:\/\/matterseyewear.com\/producto\/rubi\/#primaryimage","url":"https:\/\/matterseyewear.com\/wp-content\/uploads\/2025\/05\/Frame-18.jpg","contentUrl":"https:\/\/matterseyewear.com\/wp-content\/uploads\/2025\/05\/Frame-18.jpg","width":1000,"height":1000},{"@type":"BreadcrumbList","@id":"https:\/\/matterseyewear.com\/producto\/rubi\/#breadcrumb","itemListElement":[{"@type":"ListItem","position":1,"name":"Portada","item":"https:\/\/matterseyewear.com\/"},{"@type":"ListItem","position":2,"name":"Tienda","item":"https:\/\/matterseyewear.com\/tienda\/"},{"@type":"ListItem","position":3,"name":"Rub\u00ed"}]},{"@type":"WebSite","@id":"https:\/\/matterseyewear.com\/#website","url":"https:\/\/matterseyewear.com\/","name":"Matters Eyewear","description":"","publisher":{"@id":"https:\/\/matterseyewear.com\/#organization"},"alternateName":"Matters, tienda online de gafas de lectura","potentialAction":[{"@type":"SearchAction","target":{"@type":"EntryPoint","urlTemplate":"https:\/\/matterseyewear.com\/?s={search_term_string}"},"query-input":{"@type":"PropertyValueSpecification","valueRequired":true,"valueName":"search_term_string"}}],"inLanguage":"en-US"},{"@type":"Organization","@id":"https:\/\/matterseyewear.com\/#organization","name":"Matters Eyewear","url":"https:\/\/matterseyewear.com\/","logo":{"@type":"ImageObject","inLanguage":"en-US","@id":"https:\/\/matterseyewear.com\/#\/schema\/logo\/image\/","url":"https:\/\/matterseyewear.com\/wp-content\/uploads\/2025\/05\/Logo-Matters-2.svg","contentUrl":"https:\/\/matterseyewear.com\/wp-content\/uploads\/2025\/05\/Logo-Matters-2.svg","width":228,"height":69,"caption":"Matters Eye Wear"},"image":{"@id":"https:\/\/matterseyewear.com\/#\/schema\/logo\/image\/"},"sameAs":["https:\/\/www.instagram.com\/matters.eyewear\/"]}]}},"_links":{"self":[{"href":"https:\/\/matterseyewear.com\/en\/wp-json\/wp\/v2\/product\/829","targetHints":{"allow":["GET"]}}],"collection":[{"href":"https:\/\/matterseyewear.com\/en\/wp-json\/wp\/v2\/product"}],"about":[{"href":"https:\/\/matterseyewear.com\/en\/wp-json\/wp\/v2\/types\/product"}],"wp:featuredmedia":[{"embeddable":true,"href":"https:\/\/matterseyewear.com\/en\/wp-json\/wp\/v2\/media\/840"}],"wp:attachment":[{"href":"https:\/\/matterseyewear.com\/en\/wp-json\/wp\/v2\/media?parent=829"}],"wp:term":[{"taxonomy":"product_brand","embeddable":true,"href":"https:\/\/matterseyewear.com\/en\/wp-json\/wp\/v2\/product_brand?post=829"},{"taxonomy":"product_cat","embeddable":true,"href":"https:\/\/matterseyewear.com\/en\/wp-json\/wp\/v2\/product_cat?post=829"},{"taxonomy":"product_tag","embeddable":true,"href":"https:\/\/matterseyewear.com\/en\/wp-json\/wp\/v2\/product_tag?post=829"}],"curies":[{"name":"wp","href":"https:\/\/api.w.org\/{rel}","templated":true}]}}