{"id":805,"date":"2025-05-16T09:08:21","date_gmt":"2025-05-16T09:08:21","guid":{"rendered":"https:\/\/matterseyewear.com\/?post_type=product&#038;p=805"},"modified":"2026-04-09T11:45:37","modified_gmt":"2026-04-09T11:45:37","slug":"obsidian","status":"publish","type":"product","link":"https:\/\/matterseyewear.com\/en\/product-shop\/obsidian\/","title":{"rendered":"Obsidiana"},"content":{"rendered":"<p data-start=\"192\" data-end=\"327\">Solid, sober and with presence, <strong data-start=\"224\" data-end=\"237\">Obsidiana<\/strong> takes its name from a stone that has been a symbol of protection and clarity for centuries.<\/p>\n<p data-start=\"329\" data-end=\"578\">Its frame, with marked lines and modern design, is made with <strong data-start=\"403\" data-end=\"438\">100% recycled plastic (RPET)<\/strong>, combining durability and environmental friendliness. Designed for demanding daily use, it maintains a balance between functionality and aesthetics.<\/p>\n<p data-start=\"580\" data-end=\"720\">The <strong data-start=\"583\" data-end=\"605\">blue light filter<\/strong> helps protect your eyes from digital devices, reducing eye strain over long periods of time.<\/p>\n<p data-start=\"722\" data-end=\"828\" class=\"translation-block\">Available in prescriptions from <strong>+1,00 to +3,50.<\/strong> or in a non-prescription version <strong>(+0,00),<\/strong> with the same blue light protection.<\/p>","protected":false},"excerpt":{"rendered":"<p>S\u00f3lida, sobria y con presencia, Obsidiana toma su nombre de una piedra que ha sido s\u00edmbolo de protecci\u00f3n y claridad durante siglos. Su montura, de l\u00edneas marcadas y dise\u00f1o contempor\u00e1neo, est\u00e1 fabricada con pl\u00e1stico 100 % reciclado (RPET), combinando resistencia y compromiso ambiental. Pensada para un uso diario exigente, mantiene el equilibrio entre funcionalidad y [&hellip;]<\/p>","protected":false},"featured_media":813,"template":"","meta":{"_acf_changed":false},"product_brand":[],"product_cat":[16,36],"product_tag":[],"class_list":{"0":"post-805","1":"product","2":"type-product","3":"status-publish","4":"has-post-thumbnail","6":"product_cat-sin-categorizar","7":"product_cat-gafas-de-lectura-filtro-luz-azul","9":"first","10":"instock","11":"taxable","12":"shipping-taxable","13":"purchasable","14":"product-type-variable"},"acf":[],"yoast_head":"<!-- This site is optimized with the Yoast SEO plugin v27.4 - https:\/\/yoast.com\/product\/yoast-seo-wordpress\/ -->\n<title>Obsidiana - Matters<\/title>\n<meta name=\"robots\" content=\"index, follow, max-snippet:-1, max-image-preview:large, max-video-preview:-1\" \/>\n<link rel=\"canonical\" href=\"https:\/\/matterseyewear.com\/en\/product-shop\/obsidian\/\" \/>\n<meta property=\"og:locale\" content=\"en_US\" \/>\n<meta property=\"og:type\" content=\"article\" \/>\n<meta property=\"og:title\" content=\"Obsidiana - Matters\" \/>\n<meta property=\"og:description\" content=\"S\u00f3lida, sobria y con presencia, Obsidiana toma su nombre de una piedra que ha sido s\u00edmbolo de protecci\u00f3n y claridad durante siglos. Su montura, de l\u00edneas marcadas y dise\u00f1o contempor\u00e1neo, est\u00e1 fabricada con pl\u00e1stico 100 % reciclado (RPET), combinando resistencia y compromiso ambiental. Pensada para un uso diario exigente, mantiene el equilibrio entre funcionalidad y [&hellip;]\" \/>\n<meta property=\"og:url\" content=\"https:\/\/matterseyewear.com\/en\/product-shop\/obsidian\/\" \/>\n<meta property=\"og:site_name\" content=\"Matters\" \/>\n<meta property=\"article:modified_time\" content=\"2026-04-09T11:45:37+00:00\" \/>\n<meta property=\"og:image\" content=\"https:\/\/matterseyewear.com\/wp-content\/uploads\/2025\/05\/Frame-16.jpg\" \/>\n\t<meta property=\"og:image:width\" content=\"1000\" \/>\n\t<meta property=\"og:image:height\" content=\"1000\" \/>\n\t<meta property=\"og:image:type\" content=\"image\/jpeg\" \/>\n<meta name=\"twitter:card\" content=\"summary_large_image\" \/>\n<meta name=\"twitter:label1\" content=\"Est. reading time\" \/>\n\t<meta name=\"twitter:data1\" content=\"1 minute\" \/>\n<script type=\"application\/ld+json\" class=\"yoast-schema-graph\">{\"@context\":\"https:\\\/\\\/schema.org\",\"@graph\":[{\"@type\":\"WebPage\",\"@id\":\"https:\\\/\\\/matterseyewear.com\\\/producto\\\/obsidiana\\\/\",\"url\":\"https:\\\/\\\/matterseyewear.com\\\/producto\\\/obsidiana\\\/\",\"name\":\"Obsidiana - Matters\",\"isPartOf\":{\"@id\":\"https:\\\/\\\/matterseyewear.com\\\/#website\"},\"primaryImageOfPage\":{\"@id\":\"https:\\\/\\\/matterseyewear.com\\\/producto\\\/obsidiana\\\/#primaryimage\"},\"image\":{\"@id\":\"https:\\\/\\\/matterseyewear.com\\\/producto\\\/obsidiana\\\/#primaryimage\"},\"thumbnailUrl\":\"https:\\\/\\\/matterseyewear.com\\\/wp-content\\\/uploads\\\/2025\\\/05\\\/Frame-16.jpg\",\"datePublished\":\"2025-05-16T09:08:21+00:00\",\"dateModified\":\"2026-04-09T11:45:37+00:00\",\"breadcrumb\":{\"@id\":\"https:\\\/\\\/matterseyewear.com\\\/producto\\\/obsidiana\\\/#breadcrumb\"},\"inLanguage\":\"en-US\",\"potentialAction\":[{\"@type\":\"ReadAction\",\"target\":[\"https:\\\/\\\/matterseyewear.com\\\/producto\\\/obsidiana\\\/\"]}]},{\"@type\":\"ImageObject\",\"inLanguage\":\"en-US\",\"@id\":\"https:\\\/\\\/matterseyewear.com\\\/producto\\\/obsidiana\\\/#primaryimage\",\"url\":\"https:\\\/\\\/matterseyewear.com\\\/wp-content\\\/uploads\\\/2025\\\/05\\\/Frame-16.jpg\",\"contentUrl\":\"https:\\\/\\\/matterseyewear.com\\\/wp-content\\\/uploads\\\/2025\\\/05\\\/Frame-16.jpg\",\"width\":1000,\"height\":1000},{\"@type\":\"BreadcrumbList\",\"@id\":\"https:\\\/\\\/matterseyewear.com\\\/producto\\\/obsidiana\\\/#breadcrumb\",\"itemListElement\":[{\"@type\":\"ListItem\",\"position\":1,\"name\":\"Portada\",\"item\":\"https:\\\/\\\/matterseyewear.com\\\/\"},{\"@type\":\"ListItem\",\"position\":2,\"name\":\"Tienda\",\"item\":\"https:\\\/\\\/matterseyewear.com\\\/tienda\\\/\"},{\"@type\":\"ListItem\",\"position\":3,\"name\":\"Obsidiana\"}]},{\"@type\":\"WebSite\",\"@id\":\"https:\\\/\\\/matterseyewear.com\\\/#website\",\"url\":\"https:\\\/\\\/matterseyewear.com\\\/\",\"name\":\"Matters Eye Wear\",\"description\":\"\",\"publisher\":{\"@id\":\"https:\\\/\\\/matterseyewear.com\\\/#organization\"},\"alternateName\":\"Matters, tienda online de gafas de lectura\",\"potentialAction\":[{\"@type\":\"SearchAction\",\"target\":{\"@type\":\"EntryPoint\",\"urlTemplate\":\"https:\\\/\\\/matterseyewear.com\\\/?s={search_term_string}\"},\"query-input\":{\"@type\":\"PropertyValueSpecification\",\"valueRequired\":true,\"valueName\":\"search_term_string\"}}],\"inLanguage\":\"en-US\"},{\"@type\":\"Organization\",\"@id\":\"https:\\\/\\\/matterseyewear.com\\\/#organization\",\"name\":\"Matters Eye Wear\",\"url\":\"https:\\\/\\\/matterseyewear.com\\\/\",\"logo\":{\"@type\":\"ImageObject\",\"inLanguage\":\"en-US\",\"@id\":\"https:\\\/\\\/matterseyewear.com\\\/#\\\/schema\\\/logo\\\/image\\\/\",\"url\":\"https:\\\/\\\/matterseyewear.com\\\/wp-content\\\/uploads\\\/2025\\\/05\\\/Logo-Matters-2.svg\",\"contentUrl\":\"https:\\\/\\\/matterseyewear.com\\\/wp-content\\\/uploads\\\/2025\\\/05\\\/Logo-Matters-2.svg\",\"width\":228,\"height\":69,\"caption\":\"Matters Eye Wear\"},\"image\":{\"@id\":\"https:\\\/\\\/matterseyewear.com\\\/#\\\/schema\\\/logo\\\/image\\\/\"},\"sameAs\":[\"https:\\\/\\\/www.instagram.com\\\/matters.eyewear\\\/\"]}]}<\/script>\n<!-- \/ Yoast SEO plugin. -->","yoast_head_json":{"title":"Obsidiana - Matters","robots":{"index":"index","follow":"follow","max-snippet":"max-snippet:-1","max-image-preview":"max-image-preview:large","max-video-preview":"max-video-preview:-1"},"canonical":"https:\/\/matterseyewear.com\/en\/product-shop\/obsidian\/","og_locale":"en_US","og_type":"article","og_title":"Obsidiana - Matters","og_description":"S\u00f3lida, sobria y con presencia, Obsidiana toma su nombre de una piedra que ha sido s\u00edmbolo de protecci\u00f3n y claridad durante siglos. Su montura, de l\u00edneas marcadas y dise\u00f1o contempor\u00e1neo, est\u00e1 fabricada con pl\u00e1stico 100 % reciclado (RPET), combinando resistencia y compromiso ambiental. Pensada para un uso diario exigente, mantiene el equilibrio entre funcionalidad y [&hellip;]","og_url":"https:\/\/matterseyewear.com\/en\/product-shop\/obsidian\/","og_site_name":"Matters","article_modified_time":"2026-04-09T11:45:37+00:00","og_image":[{"width":1000,"height":1000,"url":"https:\/\/matterseyewear.com\/wp-content\/uploads\/2025\/05\/Frame-16.jpg","type":"image\/jpeg"}],"twitter_card":"summary_large_image","twitter_misc":{"Est. reading time":"1 minute"},"schema":{"@context":"https:\/\/schema.org","@graph":[{"@type":"WebPage","@id":"https:\/\/matterseyewear.com\/producto\/obsidiana\/","url":"https:\/\/matterseyewear.com\/producto\/obsidiana\/","name":"Obsidiana - Matters","isPartOf":{"@id":"https:\/\/matterseyewear.com\/#website"},"primaryImageOfPage":{"@id":"https:\/\/matterseyewear.com\/producto\/obsidiana\/#primaryimage"},"image":{"@id":"https:\/\/matterseyewear.com\/producto\/obsidiana\/#primaryimage"},"thumbnailUrl":"https:\/\/matterseyewear.com\/wp-content\/uploads\/2025\/05\/Frame-16.jpg","datePublished":"2025-05-16T09:08:21+00:00","dateModified":"2026-04-09T11:45:37+00:00","breadcrumb":{"@id":"https:\/\/matterseyewear.com\/producto\/obsidiana\/#breadcrumb"},"inLanguage":"en-US","potentialAction":[{"@type":"ReadAction","target":["https:\/\/matterseyewear.com\/producto\/obsidiana\/"]}]},{"@type":"ImageObject","inLanguage":"en-US","@id":"https:\/\/matterseyewear.com\/producto\/obsidiana\/#primaryimage","url":"https:\/\/matterseyewear.com\/wp-content\/uploads\/2025\/05\/Frame-16.jpg","contentUrl":"https:\/\/matterseyewear.com\/wp-content\/uploads\/2025\/05\/Frame-16.jpg","width":1000,"height":1000},{"@type":"BreadcrumbList","@id":"https:\/\/matterseyewear.com\/producto\/obsidiana\/#breadcrumb","itemListElement":[{"@type":"ListItem","position":1,"name":"Portada","item":"https:\/\/matterseyewear.com\/"},{"@type":"ListItem","position":2,"name":"Tienda","item":"https:\/\/matterseyewear.com\/tienda\/"},{"@type":"ListItem","position":3,"name":"Obsidiana"}]},{"@type":"WebSite","@id":"https:\/\/matterseyewear.com\/#website","url":"https:\/\/matterseyewear.com\/","name":"Matters Eyewear","description":"","publisher":{"@id":"https:\/\/matterseyewear.com\/#organization"},"alternateName":"Matters, tienda online de gafas de lectura","potentialAction":[{"@type":"SearchAction","target":{"@type":"EntryPoint","urlTemplate":"https:\/\/matterseyewear.com\/?s={search_term_string}"},"query-input":{"@type":"PropertyValueSpecification","valueRequired":true,"valueName":"search_term_string"}}],"inLanguage":"en-US"},{"@type":"Organization","@id":"https:\/\/matterseyewear.com\/#organization","name":"Matters Eyewear","url":"https:\/\/matterseyewear.com\/","logo":{"@type":"ImageObject","inLanguage":"en-US","@id":"https:\/\/matterseyewear.com\/#\/schema\/logo\/image\/","url":"https:\/\/matterseyewear.com\/wp-content\/uploads\/2025\/05\/Logo-Matters-2.svg","contentUrl":"https:\/\/matterseyewear.com\/wp-content\/uploads\/2025\/05\/Logo-Matters-2.svg","width":228,"height":69,"caption":"Matters Eye Wear"},"image":{"@id":"https:\/\/matterseyewear.com\/#\/schema\/logo\/image\/"},"sameAs":["https:\/\/www.instagram.com\/matters.eyewear\/"]}]}},"_links":{"self":[{"href":"https:\/\/matterseyewear.com\/en\/wp-json\/wp\/v2\/product\/805","targetHints":{"allow":["GET"]}}],"collection":[{"href":"https:\/\/matterseyewear.com\/en\/wp-json\/wp\/v2\/product"}],"about":[{"href":"https:\/\/matterseyewear.com\/en\/wp-json\/wp\/v2\/types\/product"}],"wp:featuredmedia":[{"embeddable":true,"href":"https:\/\/matterseyewear.com\/en\/wp-json\/wp\/v2\/media\/813"}],"wp:attachment":[{"href":"https:\/\/matterseyewear.com\/en\/wp-json\/wp\/v2\/media?parent=805"}],"wp:term":[{"taxonomy":"product_brand","embeddable":true,"href":"https:\/\/matterseyewear.com\/en\/wp-json\/wp\/v2\/product_brand?post=805"},{"taxonomy":"product_cat","embeddable":true,"href":"https:\/\/matterseyewear.com\/en\/wp-json\/wp\/v2\/product_cat?post=805"},{"taxonomy":"product_tag","embeddable":true,"href":"https:\/\/matterseyewear.com\/en\/wp-json\/wp\/v2\/product_tag?post=805"}],"curies":[{"name":"wp","href":"https:\/\/api.w.org\/{rel}","templated":true}]}}