{"id":639,"date":"2025-05-14T12:00:55","date_gmt":"2025-05-14T12:00:55","guid":{"rendered":"https:\/\/matterseyewear.com\/?post_type=product&#038;p=639"},"modified":"2026-04-09T11:45:37","modified_gmt":"2026-04-09T11:45:37","slug":"tourmaline","status":"publish","type":"product","link":"https:\/\/matterseyewear.com\/en\/product-shop\/tourmaline\/","title":{"rendered":"Turmalina"},"content":{"rendered":"<p data-start=\"330\" data-end=\"476\">Fresh, expressive &amp; with its own character, <strong data-start=\"371\" data-end=\"384\">Turmalina<\/strong> is designed for those who want to stand out without sacrificing comfort or responsibility.<\/p>\n<p data-start=\"478\" data-end=\"779\">Its frame is made with <strong data-start=\"508\" data-end=\"543\">100% recycled plastic (RPET)<\/strong> And offers a perfect combination of <strong data-start=\"581\" data-end=\"607\">lightness and resistance<\/strong>, ideal for the pace of everyday life. The <strong data-start=\"647\" data-end=\"669\">blue light filter<\/strong> protects your eyes from constant exposure to screens, providing clarity even during long days.<\/p>\n<p data-start=\"781\" data-end=\"923\">Turmalina is color, but also commitment. A design that doesn't might go unnoticed and aligns with a more conscious way of seeing the world.<\/p>\n<p data-start=\"925\" data-end=\"978\" class=\"translation-block\">Available in prescriptions from <strong>+1,00 to +3,50.<\/strong> or in a non-prescription version <strong>(+0,00),<\/strong> with the same blue light protection.<\/p>","protected":false},"excerpt":{"rendered":"<p>Fresca, expresiva y con car\u00e1cter propio, Turmalina est\u00e1 pensada para quienes buscan destacar sin renunciar al confort ni a la responsabilidad. Su montura est\u00e1 fabricada con pl\u00e1stico 100 % reciclado (RPET) y ofrece una combinaci\u00f3n perfecta de ligereza y resistencia, ideal para el ritmo del d\u00eda a d\u00eda. El filtro de luz azul protege la [&hellip;]<\/p>","protected":false},"featured_media":651,"template":"","meta":{"_acf_changed":false},"product_brand":[],"product_cat":[16,36],"product_tag":[],"class_list":{"0":"post-639","1":"product","2":"type-product","3":"status-publish","4":"has-post-thumbnail","6":"product_cat-sin-categorizar","7":"product_cat-gafas-de-lectura-filtro-luz-azul","9":"first","10":"instock","11":"taxable","12":"shipping-taxable","13":"purchasable","14":"product-type-variable"},"acf":[],"yoast_head":"<!-- This site is optimized with the Yoast SEO plugin v27.4 - https:\/\/yoast.com\/product\/yoast-seo-wordpress\/ -->\n<title>Turmalina | Gafas con filtro de luz azul<\/title>\n<meta name=\"description\" content=\"Ligera, expresiva y reciclada. Protege tus ojos frente a pantallas con estilo y compromiso. De 0 a +3.5 dioptr\u00edas.\" \/>\n<meta name=\"robots\" content=\"index, follow, max-snippet:-1, max-image-preview:large, max-video-preview:-1\" \/>\n<link rel=\"canonical\" href=\"https:\/\/matterseyewear.com\/en\/product-shop\/tourmaline\/\" \/>\n<meta property=\"og:locale\" content=\"en_US\" \/>\n<meta property=\"og:type\" content=\"article\" \/>\n<meta property=\"og:title\" content=\"Turmalina | Gafas con filtro de luz azul\" \/>\n<meta property=\"og:description\" content=\"Ligera, expresiva y reciclada. Protege tus ojos frente a pantallas con estilo y compromiso. De 0 a +3.5 dioptr\u00edas.\" \/>\n<meta property=\"og:url\" content=\"https:\/\/matterseyewear.com\/en\/product-shop\/tourmaline\/\" \/>\n<meta property=\"og:site_name\" content=\"Matters\" \/>\n<meta property=\"article:modified_time\" content=\"2026-04-09T11:45:37+00:00\" \/>\n<meta property=\"og:image\" content=\"https:\/\/matterseyewear.com\/wp-content\/uploads\/2025\/05\/Frame-13.jpg\" \/>\n\t<meta property=\"og:image:width\" content=\"1000\" \/>\n\t<meta property=\"og:image:height\" content=\"1000\" \/>\n\t<meta property=\"og:image:type\" content=\"image\/jpeg\" \/>\n<meta name=\"twitter:card\" content=\"summary_large_image\" \/>\n<meta name=\"twitter:label1\" content=\"Est. reading time\" \/>\n\t<meta name=\"twitter:data1\" content=\"1 minute\" \/>\n<script type=\"application\/ld+json\" class=\"yoast-schema-graph\">{\"@context\":\"https:\\\/\\\/schema.org\",\"@graph\":[{\"@type\":\"WebPage\",\"@id\":\"https:\\\/\\\/matterseyewear.com\\\/producto\\\/turmalina\\\/\",\"url\":\"https:\\\/\\\/matterseyewear.com\\\/producto\\\/turmalina\\\/\",\"name\":\"Turmalina | Gafas con filtro de luz azul\",\"isPartOf\":{\"@id\":\"https:\\\/\\\/matterseyewear.com\\\/#website\"},\"primaryImageOfPage\":{\"@id\":\"https:\\\/\\\/matterseyewear.com\\\/producto\\\/turmalina\\\/#primaryimage\"},\"image\":{\"@id\":\"https:\\\/\\\/matterseyewear.com\\\/producto\\\/turmalina\\\/#primaryimage\"},\"thumbnailUrl\":\"https:\\\/\\\/matterseyewear.com\\\/wp-content\\\/uploads\\\/2025\\\/05\\\/Frame-13.jpg\",\"datePublished\":\"2025-05-14T12:00:55+00:00\",\"dateModified\":\"2026-04-09T11:45:37+00:00\",\"description\":\"Ligera, expresiva y reciclada. Protege tus ojos frente a pantallas con estilo y compromiso. De 0 a +3.5 dioptr\u00edas.\",\"breadcrumb\":{\"@id\":\"https:\\\/\\\/matterseyewear.com\\\/producto\\\/turmalina\\\/#breadcrumb\"},\"inLanguage\":\"en-US\",\"potentialAction\":[{\"@type\":\"ReadAction\",\"target\":[\"https:\\\/\\\/matterseyewear.com\\\/producto\\\/turmalina\\\/\"]}]},{\"@type\":\"ImageObject\",\"inLanguage\":\"en-US\",\"@id\":\"https:\\\/\\\/matterseyewear.com\\\/producto\\\/turmalina\\\/#primaryimage\",\"url\":\"https:\\\/\\\/matterseyewear.com\\\/wp-content\\\/uploads\\\/2025\\\/05\\\/Frame-13.jpg\",\"contentUrl\":\"https:\\\/\\\/matterseyewear.com\\\/wp-content\\\/uploads\\\/2025\\\/05\\\/Frame-13.jpg\",\"width\":1000,\"height\":1000},{\"@type\":\"BreadcrumbList\",\"@id\":\"https:\\\/\\\/matterseyewear.com\\\/producto\\\/turmalina\\\/#breadcrumb\",\"itemListElement\":[{\"@type\":\"ListItem\",\"position\":1,\"name\":\"Portada\",\"item\":\"https:\\\/\\\/matterseyewear.com\\\/\"},{\"@type\":\"ListItem\",\"position\":2,\"name\":\"Tienda\",\"item\":\"https:\\\/\\\/matterseyewear.com\\\/tienda\\\/\"},{\"@type\":\"ListItem\",\"position\":3,\"name\":\"Turmalina\"}]},{\"@type\":\"WebSite\",\"@id\":\"https:\\\/\\\/matterseyewear.com\\\/#website\",\"url\":\"https:\\\/\\\/matterseyewear.com\\\/\",\"name\":\"Matters Eye Wear\",\"description\":\"\",\"publisher\":{\"@id\":\"https:\\\/\\\/matterseyewear.com\\\/#organization\"},\"alternateName\":\"Matters, tienda online de gafas de lectura\",\"potentialAction\":[{\"@type\":\"SearchAction\",\"target\":{\"@type\":\"EntryPoint\",\"urlTemplate\":\"https:\\\/\\\/matterseyewear.com\\\/?s={search_term_string}\"},\"query-input\":{\"@type\":\"PropertyValueSpecification\",\"valueRequired\":true,\"valueName\":\"search_term_string\"}}],\"inLanguage\":\"en-US\"},{\"@type\":\"Organization\",\"@id\":\"https:\\\/\\\/matterseyewear.com\\\/#organization\",\"name\":\"Matters Eye Wear\",\"url\":\"https:\\\/\\\/matterseyewear.com\\\/\",\"logo\":{\"@type\":\"ImageObject\",\"inLanguage\":\"en-US\",\"@id\":\"https:\\\/\\\/matterseyewear.com\\\/#\\\/schema\\\/logo\\\/image\\\/\",\"url\":\"https:\\\/\\\/matterseyewear.com\\\/wp-content\\\/uploads\\\/2025\\\/05\\\/Logo-Matters-2.svg\",\"contentUrl\":\"https:\\\/\\\/matterseyewear.com\\\/wp-content\\\/uploads\\\/2025\\\/05\\\/Logo-Matters-2.svg\",\"width\":228,\"height\":69,\"caption\":\"Matters Eye Wear\"},\"image\":{\"@id\":\"https:\\\/\\\/matterseyewear.com\\\/#\\\/schema\\\/logo\\\/image\\\/\"},\"sameAs\":[\"https:\\\/\\\/www.instagram.com\\\/matters.eyewear\\\/\"]}]}<\/script>\n<!-- \/ Yoast SEO plugin. -->","yoast_head_json":{"title":"Turmalina | Blue Light Filtering Glasses","description":"Lightweight, expressive, &amp; recycled. Protect your eyes from screens with style &amp; dedication. From 0 to +3.5 diopters.","robots":{"index":"index","follow":"follow","max-snippet":"max-snippet:-1","max-image-preview":"max-image-preview:large","max-video-preview":"max-video-preview:-1"},"canonical":"https:\/\/matterseyewear.com\/en\/product-shop\/tourmaline\/","og_locale":"en_US","og_type":"article","og_title":"Turmalina | Gafas con filtro de luz azul","og_description":"Ligera, expresiva y reciclada. Protege tus ojos frente a pantallas con estilo y compromiso. De 0 a +3.5 dioptr\u00edas.","og_url":"https:\/\/matterseyewear.com\/en\/product-shop\/tourmaline\/","og_site_name":"Matters","article_modified_time":"2026-04-09T11:45:37+00:00","og_image":[{"width":1000,"height":1000,"url":"https:\/\/matterseyewear.com\/wp-content\/uploads\/2025\/05\/Frame-13.jpg","type":"image\/jpeg"}],"twitter_card":"summary_large_image","twitter_misc":{"Est. reading time":"1 minute"},"schema":{"@context":"https:\/\/schema.org","@graph":[{"@type":"WebPage","@id":"https:\/\/matterseyewear.com\/producto\/turmalina\/","url":"https:\/\/matterseyewear.com\/producto\/turmalina\/","name":"Turmalina | Blue Light Filtering Glasses","isPartOf":{"@id":"https:\/\/matterseyewear.com\/#website"},"primaryImageOfPage":{"@id":"https:\/\/matterseyewear.com\/producto\/turmalina\/#primaryimage"},"image":{"@id":"https:\/\/matterseyewear.com\/producto\/turmalina\/#primaryimage"},"thumbnailUrl":"https:\/\/matterseyewear.com\/wp-content\/uploads\/2025\/05\/Frame-13.jpg","datePublished":"2025-05-14T12:00:55+00:00","dateModified":"2026-04-09T11:45:37+00:00","description":"Lightweight, expressive, &amp; recycled. Protect your eyes from screens with style &amp; dedication. From 0 to +3.5 diopters.","breadcrumb":{"@id":"https:\/\/matterseyewear.com\/producto\/turmalina\/#breadcrumb"},"inLanguage":"en-US","potentialAction":[{"@type":"ReadAction","target":["https:\/\/matterseyewear.com\/producto\/turmalina\/"]}]},{"@type":"ImageObject","inLanguage":"en-US","@id":"https:\/\/matterseyewear.com\/producto\/turmalina\/#primaryimage","url":"https:\/\/matterseyewear.com\/wp-content\/uploads\/2025\/05\/Frame-13.jpg","contentUrl":"https:\/\/matterseyewear.com\/wp-content\/uploads\/2025\/05\/Frame-13.jpg","width":1000,"height":1000},{"@type":"BreadcrumbList","@id":"https:\/\/matterseyewear.com\/producto\/turmalina\/#breadcrumb","itemListElement":[{"@type":"ListItem","position":1,"name":"Portada","item":"https:\/\/matterseyewear.com\/"},{"@type":"ListItem","position":2,"name":"Tienda","item":"https:\/\/matterseyewear.com\/tienda\/"},{"@type":"ListItem","position":3,"name":"Turmalina"}]},{"@type":"WebSite","@id":"https:\/\/matterseyewear.com\/#website","url":"https:\/\/matterseyewear.com\/","name":"Matters Eyewear","description":"","publisher":{"@id":"https:\/\/matterseyewear.com\/#organization"},"alternateName":"Matters, tienda online de gafas de lectura","potentialAction":[{"@type":"SearchAction","target":{"@type":"EntryPoint","urlTemplate":"https:\/\/matterseyewear.com\/?s={search_term_string}"},"query-input":{"@type":"PropertyValueSpecification","valueRequired":true,"valueName":"search_term_string"}}],"inLanguage":"en-US"},{"@type":"Organization","@id":"https:\/\/matterseyewear.com\/#organization","name":"Matters Eyewear","url":"https:\/\/matterseyewear.com\/","logo":{"@type":"ImageObject","inLanguage":"en-US","@id":"https:\/\/matterseyewear.com\/#\/schema\/logo\/image\/","url":"https:\/\/matterseyewear.com\/wp-content\/uploads\/2025\/05\/Logo-Matters-2.svg","contentUrl":"https:\/\/matterseyewear.com\/wp-content\/uploads\/2025\/05\/Logo-Matters-2.svg","width":228,"height":69,"caption":"Matters Eye Wear"},"image":{"@id":"https:\/\/matterseyewear.com\/#\/schema\/logo\/image\/"},"sameAs":["https:\/\/www.instagram.com\/matters.eyewear\/"]}]}},"_links":{"self":[{"href":"https:\/\/matterseyewear.com\/en\/wp-json\/wp\/v2\/product\/639","targetHints":{"allow":["GET"]}}],"collection":[{"href":"https:\/\/matterseyewear.com\/en\/wp-json\/wp\/v2\/product"}],"about":[{"href":"https:\/\/matterseyewear.com\/en\/wp-json\/wp\/v2\/types\/product"}],"wp:featuredmedia":[{"embeddable":true,"href":"https:\/\/matterseyewear.com\/en\/wp-json\/wp\/v2\/media\/651"}],"wp:attachment":[{"href":"https:\/\/matterseyewear.com\/en\/wp-json\/wp\/v2\/media?parent=639"}],"wp:term":[{"taxonomy":"product_brand","embeddable":true,"href":"https:\/\/matterseyewear.com\/en\/wp-json\/wp\/v2\/product_brand?post=639"},{"taxonomy":"product_cat","embeddable":true,"href":"https:\/\/matterseyewear.com\/en\/wp-json\/wp\/v2\/product_cat?post=639"},{"taxonomy":"product_tag","embeddable":true,"href":"https:\/\/matterseyewear.com\/en\/wp-json\/wp\/v2\/product_tag?post=639"}],"curies":[{"name":"wp","href":"https:\/\/api.w.org\/{rel}","templated":true}]}}