{"id":626,"date":"2025-05-14T11:58:44","date_gmt":"2025-05-14T11:58:44","guid":{"rendered":"https:\/\/matterseyewear.com\/?post_type=product&#038;p=626"},"modified":"2026-04-09T11:45:38","modified_gmt":"2026-04-09T11:45:38","slug":"zirconia","status":"publish","type":"product","link":"https:\/\/matterseyewear.com\/en\/product-shop\/zirconia\/","title":{"rendered":"Circonita"},"content":{"rendered":"<p data-start=\"261\" data-end=\"387\">Bright, sharp and with character, <strong data-start=\"295\" data-end=\"308\">Circonita<\/strong> is inspired by a gem that captures light and reflects it with unique intensity.<\/p>\n<p data-start=\"389\" data-end=\"649\">Their design balances precision and lightness, with a frame made of <strong data-start=\"460\" data-end=\"495\">100% recycled plastic (RPET)<\/strong> which provides durability without sacrificing comfort. The deep blue finish gives them a non-striking presence, perfect for those who want to stand out with subtlety.<\/p>\n<p data-start=\"651\" data-end=\"785\">Includes <strong data-start=\"659\" data-end=\"681\">blue light filter<\/strong>, ideal for protecting your eyes from screens, reducing eye strain in digital environments.<\/p>\n<p data-start=\"787\" data-end=\"867\">A pair of glasses that, like the stone that inspires it, provides clarity without losing solidity.<\/p>\n<p data-start=\"869\" data-end=\"922\" class=\"translation-block\">Available in prescriptions from <strong>+1,00 to +3,50.<\/strong> or in a non-prescription version <strong>(+0,00),<\/strong> with the same blue light protection.<\/p>","protected":false},"excerpt":{"rendered":"<p>Brillante, n\u00edtida y con car\u00e1cter, Circonita est\u00e1 inspirada en una gema que capta la luz y la refleja con intensidad \u00fanica. Su dise\u00f1o equilibra precisi\u00f3n y ligereza, con una montura fabricada en pl\u00e1stico 100 % reciclado (RPET) que aporta resistencia sin perder comodidad. El acabado azul profundo le da presencia sin estridencias, perfecta para quien [&hellip;]<\/p>","protected":false},"featured_media":638,"template":"","meta":{"_acf_changed":false},"product_brand":[],"product_cat":[16,36],"product_tag":[],"class_list":{"0":"post-626","1":"product","2":"type-product","3":"status-publish","4":"has-post-thumbnail","6":"product_cat-sin-categorizar","7":"product_cat-gafas-de-lectura-filtro-luz-azul","9":"first","10":"instock","11":"taxable","12":"shipping-taxable","13":"purchasable","14":"product-type-variable"},"acf":[],"yoast_head":"<!-- This site is optimized with the Yoast SEO plugin v27.4 - https:\/\/yoast.com\/product\/yoast-seo-wordpress\/ -->\n<title>Circonita | Gafas de lectura azules sostenibles<\/title>\n<meta name=\"description\" content=\"Dise\u00f1o c\u00f3modo y actual. Montura reciclada y filtro azul para proteger tu visi\u00f3n. Disponible de 0 a +3.5 dioptr\u00edas.\" \/>\n<meta name=\"robots\" content=\"index, follow, max-snippet:-1, max-image-preview:large, max-video-preview:-1\" \/>\n<link rel=\"canonical\" href=\"https:\/\/matterseyewear.com\/en\/product-shop\/zirconia\/\" \/>\n<meta property=\"og:locale\" content=\"en_US\" \/>\n<meta property=\"og:type\" content=\"article\" \/>\n<meta property=\"og:title\" content=\"Circonita | Gafas de lectura azules sostenibles\" \/>\n<meta property=\"og:description\" content=\"Dise\u00f1o c\u00f3modo y actual. Montura reciclada y filtro azul para proteger tu visi\u00f3n. Disponible de 0 a +3.5 dioptr\u00edas.\" \/>\n<meta property=\"og:url\" content=\"https:\/\/matterseyewear.com\/en\/product-shop\/zirconia\/\" \/>\n<meta property=\"og:site_name\" content=\"Matters\" \/>\n<meta property=\"article:modified_time\" content=\"2026-04-09T11:45:38+00:00\" \/>\n<meta property=\"og:image\" content=\"https:\/\/matterseyewear.com\/wp-content\/uploads\/2025\/05\/Frame-12.jpg\" \/>\n\t<meta property=\"og:image:width\" content=\"1000\" \/>\n\t<meta property=\"og:image:height\" content=\"1000\" \/>\n\t<meta property=\"og:image:type\" content=\"image\/jpeg\" \/>\n<meta name=\"twitter:card\" content=\"summary_large_image\" \/>\n<meta name=\"twitter:label1\" content=\"Est. reading time\" \/>\n\t<meta name=\"twitter:data1\" content=\"1 minute\" \/>\n<script type=\"application\/ld+json\" class=\"yoast-schema-graph\">{\"@context\":\"https:\\\/\\\/schema.org\",\"@graph\":[{\"@type\":\"WebPage\",\"@id\":\"https:\\\/\\\/matterseyewear.com\\\/producto\\\/circonita\\\/\",\"url\":\"https:\\\/\\\/matterseyewear.com\\\/producto\\\/circonita\\\/\",\"name\":\"Circonita | Gafas de lectura azules sostenibles\",\"isPartOf\":{\"@id\":\"https:\\\/\\\/matterseyewear.com\\\/#website\"},\"primaryImageOfPage\":{\"@id\":\"https:\\\/\\\/matterseyewear.com\\\/producto\\\/circonita\\\/#primaryimage\"},\"image\":{\"@id\":\"https:\\\/\\\/matterseyewear.com\\\/producto\\\/circonita\\\/#primaryimage\"},\"thumbnailUrl\":\"https:\\\/\\\/matterseyewear.com\\\/wp-content\\\/uploads\\\/2025\\\/05\\\/Frame-12.jpg\",\"datePublished\":\"2025-05-14T11:58:44+00:00\",\"dateModified\":\"2026-04-09T11:45:38+00:00\",\"description\":\"Dise\u00f1o c\u00f3modo y actual. Montura reciclada y filtro azul para proteger tu visi\u00f3n. Disponible de 0 a +3.5 dioptr\u00edas.\",\"breadcrumb\":{\"@id\":\"https:\\\/\\\/matterseyewear.com\\\/producto\\\/circonita\\\/#breadcrumb\"},\"inLanguage\":\"en-US\",\"potentialAction\":[{\"@type\":\"ReadAction\",\"target\":[\"https:\\\/\\\/matterseyewear.com\\\/producto\\\/circonita\\\/\"]}]},{\"@type\":\"ImageObject\",\"inLanguage\":\"en-US\",\"@id\":\"https:\\\/\\\/matterseyewear.com\\\/producto\\\/circonita\\\/#primaryimage\",\"url\":\"https:\\\/\\\/matterseyewear.com\\\/wp-content\\\/uploads\\\/2025\\\/05\\\/Frame-12.jpg\",\"contentUrl\":\"https:\\\/\\\/matterseyewear.com\\\/wp-content\\\/uploads\\\/2025\\\/05\\\/Frame-12.jpg\",\"width\":1000,\"height\":1000},{\"@type\":\"BreadcrumbList\",\"@id\":\"https:\\\/\\\/matterseyewear.com\\\/producto\\\/circonita\\\/#breadcrumb\",\"itemListElement\":[{\"@type\":\"ListItem\",\"position\":1,\"name\":\"Portada\",\"item\":\"https:\\\/\\\/matterseyewear.com\\\/\"},{\"@type\":\"ListItem\",\"position\":2,\"name\":\"Tienda\",\"item\":\"https:\\\/\\\/matterseyewear.com\\\/tienda\\\/\"},{\"@type\":\"ListItem\",\"position\":3,\"name\":\"Circonita\"}]},{\"@type\":\"WebSite\",\"@id\":\"https:\\\/\\\/matterseyewear.com\\\/#website\",\"url\":\"https:\\\/\\\/matterseyewear.com\\\/\",\"name\":\"Matters Eye Wear\",\"description\":\"\",\"publisher\":{\"@id\":\"https:\\\/\\\/matterseyewear.com\\\/#organization\"},\"alternateName\":\"Matters, tienda online de gafas de lectura\",\"potentialAction\":[{\"@type\":\"SearchAction\",\"target\":{\"@type\":\"EntryPoint\",\"urlTemplate\":\"https:\\\/\\\/matterseyewear.com\\\/?s={search_term_string}\"},\"query-input\":{\"@type\":\"PropertyValueSpecification\",\"valueRequired\":true,\"valueName\":\"search_term_string\"}}],\"inLanguage\":\"en-US\"},{\"@type\":\"Organization\",\"@id\":\"https:\\\/\\\/matterseyewear.com\\\/#organization\",\"name\":\"Matters Eye Wear\",\"url\":\"https:\\\/\\\/matterseyewear.com\\\/\",\"logo\":{\"@type\":\"ImageObject\",\"inLanguage\":\"en-US\",\"@id\":\"https:\\\/\\\/matterseyewear.com\\\/#\\\/schema\\\/logo\\\/image\\\/\",\"url\":\"https:\\\/\\\/matterseyewear.com\\\/wp-content\\\/uploads\\\/2025\\\/05\\\/Logo-Matters-2.svg\",\"contentUrl\":\"https:\\\/\\\/matterseyewear.com\\\/wp-content\\\/uploads\\\/2025\\\/05\\\/Logo-Matters-2.svg\",\"width\":228,\"height\":69,\"caption\":\"Matters Eye Wear\"},\"image\":{\"@id\":\"https:\\\/\\\/matterseyewear.com\\\/#\\\/schema\\\/logo\\\/image\\\/\"},\"sameAs\":[\"https:\\\/\\\/www.instagram.com\\\/matters.eyewear\\\/\"]}]}<\/script>\n<!-- \/ Yoast SEO plugin. -->","yoast_head_json":{"title":"Circonita | Sustainable Blue Reading Glasses","description":"Comfortable and modern design. Recycled frame and blue light filter to protect your vision. Available from 0 to +3.5 diopters.","robots":{"index":"index","follow":"follow","max-snippet":"max-snippet:-1","max-image-preview":"max-image-preview:large","max-video-preview":"max-video-preview:-1"},"canonical":"https:\/\/matterseyewear.com\/en\/product-shop\/zirconia\/","og_locale":"en_US","og_type":"article","og_title":"Circonita | Gafas de lectura azules sostenibles","og_description":"Dise\u00f1o c\u00f3modo y actual. Montura reciclada y filtro azul para proteger tu visi\u00f3n. Disponible de 0 a +3.5 dioptr\u00edas.","og_url":"https:\/\/matterseyewear.com\/en\/product-shop\/zirconia\/","og_site_name":"Matters","article_modified_time":"2026-04-09T11:45:38+00:00","og_image":[{"width":1000,"height":1000,"url":"https:\/\/matterseyewear.com\/wp-content\/uploads\/2025\/05\/Frame-12.jpg","type":"image\/jpeg"}],"twitter_card":"summary_large_image","twitter_misc":{"Est. reading time":"1 minute"},"schema":{"@context":"https:\/\/schema.org","@graph":[{"@type":"WebPage","@id":"https:\/\/matterseyewear.com\/producto\/circonita\/","url":"https:\/\/matterseyewear.com\/producto\/circonita\/","name":"Circonita | Sustainable Blue Reading Glasses","isPartOf":{"@id":"https:\/\/matterseyewear.com\/#website"},"primaryImageOfPage":{"@id":"https:\/\/matterseyewear.com\/producto\/circonita\/#primaryimage"},"image":{"@id":"https:\/\/matterseyewear.com\/producto\/circonita\/#primaryimage"},"thumbnailUrl":"https:\/\/matterseyewear.com\/wp-content\/uploads\/2025\/05\/Frame-12.jpg","datePublished":"2025-05-14T11:58:44+00:00","dateModified":"2026-04-09T11:45:38+00:00","description":"Comfortable and modern design. Recycled frame and blue light filter to protect your vision. Available from 0 to +3.5 diopters.","breadcrumb":{"@id":"https:\/\/matterseyewear.com\/producto\/circonita\/#breadcrumb"},"inLanguage":"en-US","potentialAction":[{"@type":"ReadAction","target":["https:\/\/matterseyewear.com\/producto\/circonita\/"]}]},{"@type":"ImageObject","inLanguage":"en-US","@id":"https:\/\/matterseyewear.com\/producto\/circonita\/#primaryimage","url":"https:\/\/matterseyewear.com\/wp-content\/uploads\/2025\/05\/Frame-12.jpg","contentUrl":"https:\/\/matterseyewear.com\/wp-content\/uploads\/2025\/05\/Frame-12.jpg","width":1000,"height":1000},{"@type":"BreadcrumbList","@id":"https:\/\/matterseyewear.com\/producto\/circonita\/#breadcrumb","itemListElement":[{"@type":"ListItem","position":1,"name":"Portada","item":"https:\/\/matterseyewear.com\/"},{"@type":"ListItem","position":2,"name":"Tienda","item":"https:\/\/matterseyewear.com\/tienda\/"},{"@type":"ListItem","position":3,"name":"Circonita"}]},{"@type":"WebSite","@id":"https:\/\/matterseyewear.com\/#website","url":"https:\/\/matterseyewear.com\/","name":"Matters Eyewear","description":"","publisher":{"@id":"https:\/\/matterseyewear.com\/#organization"},"alternateName":"Matters, tienda online de gafas de lectura","potentialAction":[{"@type":"SearchAction","target":{"@type":"EntryPoint","urlTemplate":"https:\/\/matterseyewear.com\/?s={search_term_string}"},"query-input":{"@type":"PropertyValueSpecification","valueRequired":true,"valueName":"search_term_string"}}],"inLanguage":"en-US"},{"@type":"Organization","@id":"https:\/\/matterseyewear.com\/#organization","name":"Matters Eyewear","url":"https:\/\/matterseyewear.com\/","logo":{"@type":"ImageObject","inLanguage":"en-US","@id":"https:\/\/matterseyewear.com\/#\/schema\/logo\/image\/","url":"https:\/\/matterseyewear.com\/wp-content\/uploads\/2025\/05\/Logo-Matters-2.svg","contentUrl":"https:\/\/matterseyewear.com\/wp-content\/uploads\/2025\/05\/Logo-Matters-2.svg","width":228,"height":69,"caption":"Matters Eye Wear"},"image":{"@id":"https:\/\/matterseyewear.com\/#\/schema\/logo\/image\/"},"sameAs":["https:\/\/www.instagram.com\/matters.eyewear\/"]}]}},"_links":{"self":[{"href":"https:\/\/matterseyewear.com\/en\/wp-json\/wp\/v2\/product\/626","targetHints":{"allow":["GET"]}}],"collection":[{"href":"https:\/\/matterseyewear.com\/en\/wp-json\/wp\/v2\/product"}],"about":[{"href":"https:\/\/matterseyewear.com\/en\/wp-json\/wp\/v2\/types\/product"}],"wp:featuredmedia":[{"embeddable":true,"href":"https:\/\/matterseyewear.com\/en\/wp-json\/wp\/v2\/media\/638"}],"wp:attachment":[{"href":"https:\/\/matterseyewear.com\/en\/wp-json\/wp\/v2\/media?parent=626"}],"wp:term":[{"taxonomy":"product_brand","embeddable":true,"href":"https:\/\/matterseyewear.com\/en\/wp-json\/wp\/v2\/product_brand?post=626"},{"taxonomy":"product_cat","embeddable":true,"href":"https:\/\/matterseyewear.com\/en\/wp-json\/wp\/v2\/product_cat?post=626"},{"taxonomy":"product_tag","embeddable":true,"href":"https:\/\/matterseyewear.com\/en\/wp-json\/wp\/v2\/product_tag?post=626"}],"curies":[{"name":"wp","href":"https:\/\/api.w.org\/{rel}","templated":true}]}}