{"id":1828,"date":"2026-04-10T09:01:49","date_gmt":"2026-04-10T09:01:49","guid":{"rendered":"https:\/\/matterseyewear.com\/?post_type=product&#038;p=1828"},"modified":"2026-04-10T09:01:49","modified_gmt":"2026-04-10T09:01:49","slug":"crepusculo","status":"publish","type":"product","link":"https:\/\/matterseyewear.com\/en\/product-shop\/crepusculo\/","title":{"rendered":"Twilight"},"content":{"rendered":"<p>El momento en el que la luz cambia inspira este modelo, pensado para el final del d\u00eda, cuando el sol desciende y todo se vuelve m\u00e1s c\u00e1lido.<\/p>\n<p>Su forma amplia y marcada aporta presencia, mientras que la montura en tono rojo y las lentes c\u00e1lidas refuerzan ese ambiente de transici\u00f3n propio del atardecer.<\/p>\n<p>Made in <b>recycled acetate<\/b>, est\u00e1 pensada para acompa\u00f1ar con comodidad el uso diario. Sus <b>Polarized lenses with UV400 filter, category 3<\/b>, ayudan a proteger la vista y a suavizar la luz en exteriores.<\/p>","protected":false},"excerpt":{"rendered":"<p>El momento en el que la luz cambia inspira este modelo, pensado para el final del d\u00eda, cuando el sol desciende y todo se vuelve m\u00e1s c\u00e1lido. Su forma amplia y marcada aporta presencia, mientras que la montura en tono rojo y las lentes c\u00e1lidas refuerzan ese ambiente de transici\u00f3n propio del atardecer. Fabricada en [&hellip;]<\/p>","protected":false},"featured_media":1814,"template":"","meta":{"_acf_changed":false},"product_brand":[],"product_cat":[35],"product_tag":[],"class_list":{"0":"post-1828","1":"product","2":"type-product","3":"status-publish","4":"has-post-thumbnail","6":"product_cat-gafas-de-sol-polarizadas","8":"first","9":"instock","10":"taxable","11":"shipping-taxable","12":"product-type-simple"},"acf":[],"yoast_head":"<!-- This site is optimized with the Yoast SEO plugin v27.3 - https:\/\/yoast.com\/product\/yoast-seo-wordpress\/ -->\n<title>Gafas de sol crepusculo | Polarizadas UV400 y dise\u00f1o envolvente<\/title>\n<meta name=\"description\" content=\"Gafas de sol crepusculo con lentes polarizadas UV400 y montura de acetato reciclado. Dise\u00f1o c\u00e1lido y envolvente para el final del d\u00eda.\" \/>\n<meta name=\"robots\" content=\"index, follow, max-snippet:-1, max-image-preview:large, max-video-preview:-1\" \/>\n<link rel=\"canonical\" href=\"https:\/\/matterseyewear.com\/en\/product-shop\/crepusculo\/\" \/>\n<meta property=\"og:locale\" content=\"en_US\" \/>\n<meta property=\"og:type\" content=\"article\" \/>\n<meta property=\"og:title\" content=\"Gafas de sol crepusculo | Polarizadas UV400 y dise\u00f1o envolvente\" \/>\n<meta property=\"og:description\" content=\"Gafas de sol crepusculo con lentes polarizadas UV400 y montura de acetato reciclado. Dise\u00f1o c\u00e1lido y envolvente para el final del d\u00eda.\" \/>\n<meta property=\"og:url\" content=\"https:\/\/matterseyewear.com\/en\/product-shop\/crepusculo\/\" \/>\n<meta property=\"og:site_name\" content=\"Matters\" \/>\n<meta property=\"og:image\" content=\"https:\/\/matterseyewear.com\/wp-content\/uploads\/2026\/04\/Crepusculo-1.jpg\" \/>\n\t<meta property=\"og:image:width\" content=\"1000\" \/>\n\t<meta property=\"og:image:height\" content=\"1000\" \/>\n\t<meta property=\"og:image:type\" content=\"image\/jpeg\" \/>\n<meta name=\"twitter:card\" content=\"summary_large_image\" \/>\n<meta name=\"twitter:label1\" content=\"Est. reading time\" \/>\n\t<meta name=\"twitter:data1\" content=\"1 minute\" \/>\n<script type=\"application\/ld+json\" class=\"yoast-schema-graph\">{\"@context\":\"https:\\\/\\\/schema.org\",\"@graph\":[{\"@type\":\"WebPage\",\"@id\":\"https:\\\/\\\/matterseyewear.com\\\/producto\\\/crepusculo\\\/\",\"url\":\"https:\\\/\\\/matterseyewear.com\\\/producto\\\/crepusculo\\\/\",\"name\":\"Gafas de sol crepusculo | Polarizadas UV400 y dise\u00f1o envolvente\",\"isPartOf\":{\"@id\":\"https:\\\/\\\/matterseyewear.com\\\/#website\"},\"primaryImageOfPage\":{\"@id\":\"https:\\\/\\\/matterseyewear.com\\\/producto\\\/crepusculo\\\/#primaryimage\"},\"image\":{\"@id\":\"https:\\\/\\\/matterseyewear.com\\\/producto\\\/crepusculo\\\/#primaryimage\"},\"thumbnailUrl\":\"https:\\\/\\\/matterseyewear.com\\\/wp-content\\\/uploads\\\/2026\\\/04\\\/Crepusculo-1.jpg\",\"datePublished\":\"2026-04-10T09:01:49+00:00\",\"description\":\"Gafas de sol crepusculo con lentes polarizadas UV400 y montura de acetato reciclado. Dise\u00f1o c\u00e1lido y envolvente para el final del d\u00eda.\",\"breadcrumb\":{\"@id\":\"https:\\\/\\\/matterseyewear.com\\\/producto\\\/crepusculo\\\/#breadcrumb\"},\"inLanguage\":\"en-US\",\"potentialAction\":[{\"@type\":\"ReadAction\",\"target\":[\"https:\\\/\\\/matterseyewear.com\\\/producto\\\/crepusculo\\\/\"]}]},{\"@type\":\"ImageObject\",\"inLanguage\":\"en-US\",\"@id\":\"https:\\\/\\\/matterseyewear.com\\\/producto\\\/crepusculo\\\/#primaryimage\",\"url\":\"https:\\\/\\\/matterseyewear.com\\\/wp-content\\\/uploads\\\/2026\\\/04\\\/Crepusculo-1.jpg\",\"contentUrl\":\"https:\\\/\\\/matterseyewear.com\\\/wp-content\\\/uploads\\\/2026\\\/04\\\/Crepusculo-1.jpg\",\"width\":1000,\"height\":1000},{\"@type\":\"BreadcrumbList\",\"@id\":\"https:\\\/\\\/matterseyewear.com\\\/producto\\\/crepusculo\\\/#breadcrumb\",\"itemListElement\":[{\"@type\":\"ListItem\",\"position\":1,\"name\":\"Portada\",\"item\":\"https:\\\/\\\/matterseyewear.com\\\/\"},{\"@type\":\"ListItem\",\"position\":2,\"name\":\"Tienda\",\"item\":\"https:\\\/\\\/matterseyewear.com\\\/tienda\\\/\"},{\"@type\":\"ListItem\",\"position\":3,\"name\":\"Crep\u00fasculo\"}]},{\"@type\":\"WebSite\",\"@id\":\"https:\\\/\\\/matterseyewear.com\\\/#website\",\"url\":\"https:\\\/\\\/matterseyewear.com\\\/\",\"name\":\"Matters Eye Wear\",\"description\":\"\",\"publisher\":{\"@id\":\"https:\\\/\\\/matterseyewear.com\\\/#organization\"},\"alternateName\":\"Matters, tienda online de gafas de lectura\",\"potentialAction\":[{\"@type\":\"SearchAction\",\"target\":{\"@type\":\"EntryPoint\",\"urlTemplate\":\"https:\\\/\\\/matterseyewear.com\\\/?s={search_term_string}\"},\"query-input\":{\"@type\":\"PropertyValueSpecification\",\"valueRequired\":true,\"valueName\":\"search_term_string\"}}],\"inLanguage\":\"en-US\"},{\"@type\":\"Organization\",\"@id\":\"https:\\\/\\\/matterseyewear.com\\\/#organization\",\"name\":\"Matters Eye Wear\",\"url\":\"https:\\\/\\\/matterseyewear.com\\\/\",\"logo\":{\"@type\":\"ImageObject\",\"inLanguage\":\"en-US\",\"@id\":\"https:\\\/\\\/matterseyewear.com\\\/#\\\/schema\\\/logo\\\/image\\\/\",\"url\":\"https:\\\/\\\/matterseyewear.com\\\/wp-content\\\/uploads\\\/2025\\\/05\\\/Logo-Matters-2.svg\",\"contentUrl\":\"https:\\\/\\\/matterseyewear.com\\\/wp-content\\\/uploads\\\/2025\\\/05\\\/Logo-Matters-2.svg\",\"width\":228,\"height\":69,\"caption\":\"Matters Eye Wear\"},\"image\":{\"@id\":\"https:\\\/\\\/matterseyewear.com\\\/#\\\/schema\\\/logo\\\/image\\\/\"},\"sameAs\":[\"https:\\\/\\\/www.instagram.com\\\/matters.eyewear\\\/\"]}]}<\/script>\n<!-- \/ Yoast SEO plugin. -->","yoast_head_json":{"title":"Gafas de sol crepusculo | Polarizadas UV400 y dise\u00f1o envolvente","description":"Gafas de sol crepusculo con lentes polarizadas UV400 y montura de acetato reciclado. Dise\u00f1o c\u00e1lido y envolvente para el final del d\u00eda.","robots":{"index":"index","follow":"follow","max-snippet":"max-snippet:-1","max-image-preview":"max-image-preview:large","max-video-preview":"max-video-preview:-1"},"canonical":"https:\/\/matterseyewear.com\/en\/product-shop\/crepusculo\/","og_locale":"en_US","og_type":"article","og_title":"Gafas de sol crepusculo | Polarizadas UV400 y dise\u00f1o envolvente","og_description":"Gafas de sol crepusculo con lentes polarizadas UV400 y montura de acetato reciclado. Dise\u00f1o c\u00e1lido y envolvente para el final del d\u00eda.","og_url":"https:\/\/matterseyewear.com\/en\/product-shop\/crepusculo\/","og_site_name":"Matters","og_image":[{"width":1000,"height":1000,"url":"https:\/\/matterseyewear.com\/wp-content\/uploads\/2026\/04\/Crepusculo-1.jpg","type":"image\/jpeg"}],"twitter_card":"summary_large_image","twitter_misc":{"Est. reading time":"1 minute"},"schema":{"@context":"https:\/\/schema.org","@graph":[{"@type":"WebPage","@id":"https:\/\/matterseyewear.com\/producto\/crepusculo\/","url":"https:\/\/matterseyewear.com\/producto\/crepusculo\/","name":"Gafas de sol crepusculo | Polarizadas UV400 y dise\u00f1o envolvente","isPartOf":{"@id":"https:\/\/matterseyewear.com\/#website"},"primaryImageOfPage":{"@id":"https:\/\/matterseyewear.com\/producto\/crepusculo\/#primaryimage"},"image":{"@id":"https:\/\/matterseyewear.com\/producto\/crepusculo\/#primaryimage"},"thumbnailUrl":"https:\/\/matterseyewear.com\/wp-content\/uploads\/2026\/04\/Crepusculo-1.jpg","datePublished":"2026-04-10T09:01:49+00:00","description":"Gafas de sol crepusculo con lentes polarizadas UV400 y montura de acetato reciclado. Dise\u00f1o c\u00e1lido y envolvente para el final del d\u00eda.","breadcrumb":{"@id":"https:\/\/matterseyewear.com\/producto\/crepusculo\/#breadcrumb"},"inLanguage":"en-US","potentialAction":[{"@type":"ReadAction","target":["https:\/\/matterseyewear.com\/producto\/crepusculo\/"]}]},{"@type":"ImageObject","inLanguage":"en-US","@id":"https:\/\/matterseyewear.com\/producto\/crepusculo\/#primaryimage","url":"https:\/\/matterseyewear.com\/wp-content\/uploads\/2026\/04\/Crepusculo-1.jpg","contentUrl":"https:\/\/matterseyewear.com\/wp-content\/uploads\/2026\/04\/Crepusculo-1.jpg","width":1000,"height":1000},{"@type":"BreadcrumbList","@id":"https:\/\/matterseyewear.com\/producto\/crepusculo\/#breadcrumb","itemListElement":[{"@type":"ListItem","position":1,"name":"Portada","item":"https:\/\/matterseyewear.com\/"},{"@type":"ListItem","position":2,"name":"Tienda","item":"https:\/\/matterseyewear.com\/tienda\/"},{"@type":"ListItem","position":3,"name":"Crep\u00fasculo"}]},{"@type":"WebSite","@id":"https:\/\/matterseyewear.com\/#website","url":"https:\/\/matterseyewear.com\/","name":"Matters Eyewear","description":"","publisher":{"@id":"https:\/\/matterseyewear.com\/#organization"},"alternateName":"Matters, tienda online de gafas de lectura","potentialAction":[{"@type":"SearchAction","target":{"@type":"EntryPoint","urlTemplate":"https:\/\/matterseyewear.com\/?s={search_term_string}"},"query-input":{"@type":"PropertyValueSpecification","valueRequired":true,"valueName":"search_term_string"}}],"inLanguage":"en-US"},{"@type":"Organization","@id":"https:\/\/matterseyewear.com\/#organization","name":"Matters Eyewear","url":"https:\/\/matterseyewear.com\/","logo":{"@type":"ImageObject","inLanguage":"en-US","@id":"https:\/\/matterseyewear.com\/#\/schema\/logo\/image\/","url":"https:\/\/matterseyewear.com\/wp-content\/uploads\/2025\/05\/Logo-Matters-2.svg","contentUrl":"https:\/\/matterseyewear.com\/wp-content\/uploads\/2025\/05\/Logo-Matters-2.svg","width":228,"height":69,"caption":"Matters Eye Wear"},"image":{"@id":"https:\/\/matterseyewear.com\/#\/schema\/logo\/image\/"},"sameAs":["https:\/\/www.instagram.com\/matters.eyewear\/"]}]}},"_links":{"self":[{"href":"https:\/\/matterseyewear.com\/en\/wp-json\/wp\/v2\/product\/1828","targetHints":{"allow":["GET"]}}],"collection":[{"href":"https:\/\/matterseyewear.com\/en\/wp-json\/wp\/v2\/product"}],"about":[{"href":"https:\/\/matterseyewear.com\/en\/wp-json\/wp\/v2\/types\/product"}],"wp:featuredmedia":[{"embeddable":true,"href":"https:\/\/matterseyewear.com\/en\/wp-json\/wp\/v2\/media\/1814"}],"wp:attachment":[{"href":"https:\/\/matterseyewear.com\/en\/wp-json\/wp\/v2\/media?parent=1828"}],"wp:term":[{"taxonomy":"product_brand","embeddable":true,"href":"https:\/\/matterseyewear.com\/en\/wp-json\/wp\/v2\/product_brand?post=1828"},{"taxonomy":"product_cat","embeddable":true,"href":"https:\/\/matterseyewear.com\/en\/wp-json\/wp\/v2\/product_cat?post=1828"},{"taxonomy":"product_tag","embeddable":true,"href":"https:\/\/matterseyewear.com\/en\/wp-json\/wp\/v2\/product_tag?post=1828"}],"curies":[{"name":"wp","href":"https:\/\/api.w.org\/{rel}","templated":true}]}}