{"id":986,"date":"2025-06-12T08:07:28","date_gmt":"2025-06-12T08:07:28","guid":{"rendered":"https:\/\/matterseyewear.com\/?page_id=986"},"modified":"2025-06-12T08:08:01","modified_gmt":"2025-06-12T08:08:01","slug":"international-mentoring-program-december-26-2024","status":"publish","type":"page","link":"https:\/\/matterseyewear.com\/en\/international-mentoring-program-december-26-2024\/","title":{"rendered":"International Mentoring Program December 26, 2024"},"content":{"rendered":"<p><img fetchpriority=\"high\" decoding=\"async\" class=\"alignnone wp-image-984 size-large\" src=\"https:\/\/matterseyewear.com\/wp-content\/uploads\/2025\/05\/Logoswebbeneficiarios_2-1024x281.png\" alt=\"\" width=\"800\" height=\"220\" srcset=\"https:\/\/matterseyewear.com\/wp-content\/uploads\/2025\/05\/Logoswebbeneficiarios_2-1024x281.png 1024w, https:\/\/matterseyewear.com\/wp-content\/uploads\/2025\/05\/Logoswebbeneficiarios_2-300x82.png 300w, https:\/\/matterseyewear.com\/wp-content\/uploads\/2025\/05\/Logoswebbeneficiarios_2-768x210.png 768w, https:\/\/matterseyewear.com\/wp-content\/uploads\/2025\/05\/Logoswebbeneficiarios_2-1536x421.png 1536w, https:\/\/matterseyewear.com\/wp-content\/uploads\/2025\/05\/Logoswebbeneficiarios_2-2048x561.png 2048w, https:\/\/matterseyewear.com\/wp-content\/uploads\/2025\/05\/Logoswebbeneficiarios_2-1080x296.png 1080w\" sizes=\"(max-width: 800px) 100vw, 800px\" \/><\/p>\n<p>Nordic Solutions SLU has been a beneficiary of the Spanish Chamber of Commerce's &quot;International Mentoring&quot; Program, funded by the European Union-NextGenerationEU.<\/p>\n<p>With the goal of consolidating &amp; diversifying its position in the international market, Nordic Solutions SLU has enlisted the help of a mentoring firm to guide &amp; advise them in defining &amp; implementing their international strategy.<\/p>","protected":false},"excerpt":{"rendered":"<p>Nordic Solutions S.L.U. ha sido beneficiaria del Programa \u201cMentoring Internacional\u201d de la C\u00e1mara de Comercio de Espa\u00f1a, financiado por la Uni\u00f3n Europea-NextGenerationEU. Con el objetivo de consolidar y diversificar su posicionamiento en el mercado internacional, Nordic Solutions S.L.U. ha contado con la ayuda de una empresa mentora que les gu\u00ede y oriente en la definici\u00f3n [&hellip;]<\/p>","protected":false},"author":1,"featured_media":0,"parent":0,"menu_order":0,"comment_status":"closed","ping_status":"closed","template":"","meta":{"_acf_changed":false,"footnotes":""},"class_list":["post-986","page","type-page","status-publish","hentry"],"acf":[],"yoast_head":"<!-- This site is optimized with the Yoast SEO plugin v27.4 - https:\/\/yoast.com\/product\/yoast-seo-wordpress\/ -->\n<title>Programa de Mentoring Internacional 26 diciembre, 2024 - Matters<\/title>\n<meta name=\"robots\" content=\"index, follow, max-snippet:-1, max-image-preview:large, max-video-preview:-1\" \/>\n<link rel=\"canonical\" href=\"https:\/\/matterseyewear.com\/en\/international-mentoring-program-december-26-2024\/\" \/>\n<meta property=\"og:locale\" content=\"en_US\" \/>\n<meta property=\"og:type\" content=\"article\" \/>\n<meta property=\"og:title\" content=\"Programa de Mentoring Internacional 26 diciembre, 2024 - Matters\" \/>\n<meta property=\"og:description\" content=\"Nordic Solutions S.L.U. ha sido beneficiaria del Programa \u201cMentoring Internacional\u201d de la C\u00e1mara de Comercio de Espa\u00f1a, financiado por la Uni\u00f3n Europea-NextGenerationEU. Con el objetivo de consolidar y diversificar su posicionamiento en el mercado internacional, Nordic Solutions S.L.U. ha contado con la ayuda de una empresa mentora que les gu\u00ede y oriente en la definici\u00f3n [&hellip;]\" \/>\n<meta property=\"og:url\" content=\"https:\/\/matterseyewear.com\/en\/international-mentoring-program-december-26-2024\/\" \/>\n<meta property=\"og:site_name\" content=\"Matters\" \/>\n<meta property=\"article:modified_time\" content=\"2025-06-12T08:08:01+00:00\" \/>\n<meta property=\"og:image\" content=\"https:\/\/matterseyewear.com\/wp-content\/uploads\/2025\/05\/Logoswebbeneficiarios_2.png\" \/>\n\t<meta property=\"og:image:width\" content=\"2500\" \/>\n\t<meta property=\"og:image:height\" content=\"685\" \/>\n\t<meta property=\"og:image:type\" content=\"image\/png\" \/>\n<meta name=\"twitter:card\" content=\"summary_large_image\" \/>\n<meta name=\"twitter:label1\" content=\"Est. reading time\" \/>\n\t<meta name=\"twitter:data1\" content=\"1 minute\" \/>\n<script type=\"application\/ld+json\" class=\"yoast-schema-graph\">{\"@context\":\"https:\\\/\\\/schema.org\",\"@graph\":[{\"@type\":\"WebPage\",\"@id\":\"https:\\\/\\\/matterseyewear.com\\\/programa-de-mentoring-internacional-26-diciembre-2024\\\/\",\"url\":\"https:\\\/\\\/matterseyewear.com\\\/programa-de-mentoring-internacional-26-diciembre-2024\\\/\",\"name\":\"Programa de Mentoring Internacional 26 diciembre, 2024 - Matters\",\"isPartOf\":{\"@id\":\"https:\\\/\\\/matterseyewear.com\\\/#website\"},\"primaryImageOfPage\":{\"@id\":\"https:\\\/\\\/matterseyewear.com\\\/programa-de-mentoring-internacional-26-diciembre-2024\\\/#primaryimage\"},\"image\":{\"@id\":\"https:\\\/\\\/matterseyewear.com\\\/programa-de-mentoring-internacional-26-diciembre-2024\\\/#primaryimage\"},\"thumbnailUrl\":\"https:\\\/\\\/matterseyewear.com\\\/wp-content\\\/uploads\\\/2025\\\/05\\\/Logoswebbeneficiarios_2-1024x281.png\",\"datePublished\":\"2025-06-12T08:07:28+00:00\",\"dateModified\":\"2025-06-12T08:08:01+00:00\",\"breadcrumb\":{\"@id\":\"https:\\\/\\\/matterseyewear.com\\\/programa-de-mentoring-internacional-26-diciembre-2024\\\/#breadcrumb\"},\"inLanguage\":\"en-US\",\"potentialAction\":[{\"@type\":\"ReadAction\",\"target\":[\"https:\\\/\\\/matterseyewear.com\\\/programa-de-mentoring-internacional-26-diciembre-2024\\\/\"]}]},{\"@type\":\"ImageObject\",\"inLanguage\":\"en-US\",\"@id\":\"https:\\\/\\\/matterseyewear.com\\\/programa-de-mentoring-internacional-26-diciembre-2024\\\/#primaryimage\",\"url\":\"https:\\\/\\\/matterseyewear.com\\\/wp-content\\\/uploads\\\/2025\\\/05\\\/Logoswebbeneficiarios_2-1024x281.png\",\"contentUrl\":\"https:\\\/\\\/matterseyewear.com\\\/wp-content\\\/uploads\\\/2025\\\/05\\\/Logoswebbeneficiarios_2-1024x281.png\"},{\"@type\":\"BreadcrumbList\",\"@id\":\"https:\\\/\\\/matterseyewear.com\\\/programa-de-mentoring-internacional-26-diciembre-2024\\\/#breadcrumb\",\"itemListElement\":[{\"@type\":\"ListItem\",\"position\":1,\"name\":\"Portada\",\"item\":\"https:\\\/\\\/matterseyewear.com\\\/\"},{\"@type\":\"ListItem\",\"position\":2,\"name\":\"Programa de Mentoring Internacional 26 diciembre, 2024\"}]},{\"@type\":\"WebSite\",\"@id\":\"https:\\\/\\\/matterseyewear.com\\\/#website\",\"url\":\"https:\\\/\\\/matterseyewear.com\\\/\",\"name\":\"Matters Eye Wear\",\"description\":\"\",\"publisher\":{\"@id\":\"https:\\\/\\\/matterseyewear.com\\\/#organization\"},\"alternateName\":\"Matters, tienda online de gafas de lectura\",\"potentialAction\":[{\"@type\":\"SearchAction\",\"target\":{\"@type\":\"EntryPoint\",\"urlTemplate\":\"https:\\\/\\\/matterseyewear.com\\\/?s={search_term_string}\"},\"query-input\":{\"@type\":\"PropertyValueSpecification\",\"valueRequired\":true,\"valueName\":\"search_term_string\"}}],\"inLanguage\":\"en-US\"},{\"@type\":\"Organization\",\"@id\":\"https:\\\/\\\/matterseyewear.com\\\/#organization\",\"name\":\"Matters Eye Wear\",\"url\":\"https:\\\/\\\/matterseyewear.com\\\/\",\"logo\":{\"@type\":\"ImageObject\",\"inLanguage\":\"en-US\",\"@id\":\"https:\\\/\\\/matterseyewear.com\\\/#\\\/schema\\\/logo\\\/image\\\/\",\"url\":\"https:\\\/\\\/matterseyewear.com\\\/wp-content\\\/uploads\\\/2025\\\/05\\\/Logo-Matters-2.svg\",\"contentUrl\":\"https:\\\/\\\/matterseyewear.com\\\/wp-content\\\/uploads\\\/2025\\\/05\\\/Logo-Matters-2.svg\",\"width\":228,\"height\":69,\"caption\":\"Matters Eye Wear\"},\"image\":{\"@id\":\"https:\\\/\\\/matterseyewear.com\\\/#\\\/schema\\\/logo\\\/image\\\/\"},\"sameAs\":[\"https:\\\/\\\/www.instagram.com\\\/matters.eyewear\\\/\"]}]}<\/script>\n<!-- \/ Yoast SEO plugin. -->","yoast_head_json":{"title":"International Mentoring Program December 26, 2024 - Matters","robots":{"index":"index","follow":"follow","max-snippet":"max-snippet:-1","max-image-preview":"max-image-preview:large","max-video-preview":"max-video-preview:-1"},"canonical":"https:\/\/matterseyewear.com\/en\/international-mentoring-program-december-26-2024\/","og_locale":"en_US","og_type":"article","og_title":"Programa de Mentoring Internacional 26 diciembre, 2024 - Matters","og_description":"Nordic Solutions S.L.U. ha sido beneficiaria del Programa \u201cMentoring Internacional\u201d de la C\u00e1mara de Comercio de Espa\u00f1a, financiado por la Uni\u00f3n Europea-NextGenerationEU. Con el objetivo de consolidar y diversificar su posicionamiento en el mercado internacional, Nordic Solutions S.L.U. ha contado con la ayuda de una empresa mentora que les gu\u00ede y oriente en la definici\u00f3n [&hellip;]","og_url":"https:\/\/matterseyewear.com\/en\/international-mentoring-program-december-26-2024\/","og_site_name":"Matters","article_modified_time":"2025-06-12T08:08:01+00:00","og_image":[{"width":2500,"height":685,"url":"https:\/\/matterseyewear.com\/wp-content\/uploads\/2025\/05\/Logoswebbeneficiarios_2.png","type":"image\/png"}],"twitter_card":"summary_large_image","twitter_misc":{"Est. reading time":"1 minute"},"schema":{"@context":"https:\/\/schema.org","@graph":[{"@type":"WebPage","@id":"https:\/\/matterseyewear.com\/programa-de-mentoring-internacional-26-diciembre-2024\/","url":"https:\/\/matterseyewear.com\/programa-de-mentoring-internacional-26-diciembre-2024\/","name":"International Mentoring Program December 26, 2024 - Matters","isPartOf":{"@id":"https:\/\/matterseyewear.com\/#website"},"primaryImageOfPage":{"@id":"https:\/\/matterseyewear.com\/programa-de-mentoring-internacional-26-diciembre-2024\/#primaryimage"},"image":{"@id":"https:\/\/matterseyewear.com\/programa-de-mentoring-internacional-26-diciembre-2024\/#primaryimage"},"thumbnailUrl":"https:\/\/matterseyewear.com\/wp-content\/uploads\/2025\/05\/Logoswebbeneficiarios_2-1024x281.png","datePublished":"2025-06-12T08:07:28+00:00","dateModified":"2025-06-12T08:08:01+00:00","breadcrumb":{"@id":"https:\/\/matterseyewear.com\/programa-de-mentoring-internacional-26-diciembre-2024\/#breadcrumb"},"inLanguage":"en-US","potentialAction":[{"@type":"ReadAction","target":["https:\/\/matterseyewear.com\/programa-de-mentoring-internacional-26-diciembre-2024\/"]}]},{"@type":"ImageObject","inLanguage":"en-US","@id":"https:\/\/matterseyewear.com\/programa-de-mentoring-internacional-26-diciembre-2024\/#primaryimage","url":"https:\/\/matterseyewear.com\/wp-content\/uploads\/2025\/05\/Logoswebbeneficiarios_2-1024x281.png","contentUrl":"https:\/\/matterseyewear.com\/wp-content\/uploads\/2025\/05\/Logoswebbeneficiarios_2-1024x281.png"},{"@type":"BreadcrumbList","@id":"https:\/\/matterseyewear.com\/programa-de-mentoring-internacional-26-diciembre-2024\/#breadcrumb","itemListElement":[{"@type":"ListItem","position":1,"name":"Portada","item":"https:\/\/matterseyewear.com\/"},{"@type":"ListItem","position":2,"name":"Programa de Mentoring Internacional 26 diciembre, 2024"}]},{"@type":"WebSite","@id":"https:\/\/matterseyewear.com\/#website","url":"https:\/\/matterseyewear.com\/","name":"Matters Eyewear","description":"","publisher":{"@id":"https:\/\/matterseyewear.com\/#organization"},"alternateName":"Matters, tienda online de gafas de lectura","potentialAction":[{"@type":"SearchAction","target":{"@type":"EntryPoint","urlTemplate":"https:\/\/matterseyewear.com\/?s={search_term_string}"},"query-input":{"@type":"PropertyValueSpecification","valueRequired":true,"valueName":"search_term_string"}}],"inLanguage":"en-US"},{"@type":"Organization","@id":"https:\/\/matterseyewear.com\/#organization","name":"Matters Eyewear","url":"https:\/\/matterseyewear.com\/","logo":{"@type":"ImageObject","inLanguage":"en-US","@id":"https:\/\/matterseyewear.com\/#\/schema\/logo\/image\/","url":"https:\/\/matterseyewear.com\/wp-content\/uploads\/2025\/05\/Logo-Matters-2.svg","contentUrl":"https:\/\/matterseyewear.com\/wp-content\/uploads\/2025\/05\/Logo-Matters-2.svg","width":228,"height":69,"caption":"Matters Eye Wear"},"image":{"@id":"https:\/\/matterseyewear.com\/#\/schema\/logo\/image\/"},"sameAs":["https:\/\/www.instagram.com\/matters.eyewear\/"]}]}},"_links":{"self":[{"href":"https:\/\/matterseyewear.com\/en\/wp-json\/wp\/v2\/pages\/986","targetHints":{"allow":["GET"]}}],"collection":[{"href":"https:\/\/matterseyewear.com\/en\/wp-json\/wp\/v2\/pages"}],"about":[{"href":"https:\/\/matterseyewear.com\/en\/wp-json\/wp\/v2\/types\/page"}],"author":[{"embeddable":true,"href":"https:\/\/matterseyewear.com\/en\/wp-json\/wp\/v2\/users\/1"}],"replies":[{"embeddable":true,"href":"https:\/\/matterseyewear.com\/en\/wp-json\/wp\/v2\/comments?post=986"}],"version-history":[{"count":0,"href":"https:\/\/matterseyewear.com\/en\/wp-json\/wp\/v2\/pages\/986\/revisions"}],"wp:attachment":[{"href":"https:\/\/matterseyewear.com\/en\/wp-json\/wp\/v2\/media?parent=986"}],"curies":[{"name":"wp","href":"https:\/\/api.w.org\/{rel}","templated":true}]}}